{"id":7341,"date":"2023-10-20T17:15:51","date_gmt":"2023-10-20T17:15:51","guid":{"rendered":"https:\/\/www.lumavit.com\/garantie\/"},"modified":"2025-05-15T12:06:19","modified_gmt":"2025-05-15T12:06:19","slug":"garantie","status":"publish","type":"page","link":"https:\/\/www.lumavit.com\/de\/garantie\/","title":{"rendered":"Garantie"},"content":{"rendered":"\t\t<div data-elementor-type=\"wp-page\" data-elementor-id=\"7341\" class=\"elementor elementor-7341 elementor-190\" data-elementor-post-type=\"page\">\n\t\t\t\t<div class=\"elementor-element elementor-element-9cdbb39 e-flex e-con-boxed e-con e-parent\" data-id=\"9cdbb39\" data-element_type=\"container\" data-e-type=\"container\">\n\t\t\t\t\t<div class=\"e-con-inner\">\n\t\t\t\t<div class=\"elementor-element elementor-element-cc66115 elementor-widget elementor-widget-heading\" data-id=\"cc66115\" data-element_type=\"widget\" data-e-type=\"widget\" data-widget_type=\"heading.default\">\n\t\t\t\t<div class=\"elementor-widget-container\">\n\t\t\t\t\t<h2 class=\"elementor-heading-title elementor-size-default\">Garantie<\/h2>\t\t\t\t<\/div>\n\t\t\t\t<\/div>\n\t\t\t\t\t<\/div>\n\t\t\t\t<\/div>\n\t\t<div class=\"elementor-element elementor-element-13be162 e-flex e-con-boxed e-con e-parent\" data-id=\"13be162\" data-element_type=\"container\" data-e-type=\"container\">\n\t\t\t\t\t<div class=\"e-con-inner\">\n\t\t\t\t<div class=\"elementor-element elementor-element-ecdfe53 elementor-widget elementor-widget-text-editor\" data-id=\"ecdfe53\" data-element_type=\"widget\" data-e-type=\"widget\" data-widget_type=\"text-editor.default\">\n\t\t\t\t<div class=\"elementor-widget-container\">\n\t\t\t\t\t\t\t\t\t<p>Alle Lumavit-Ger\u00e4te kommen mit einem <strong>30-t\u00e4gigen R\u00fcckgaberecht,<\/strong> sowie <strong>2 Jahren Gew\u00e4hrleistung<\/strong> gem\u00e4\u00df den Vorschriften der Europ\u00e4ischen Union.<\/p><p>Wenn du w\u00e4hrend der geltenden Garantiezeit einen berechtigten Anspruch bei Lumavit geltend machst, wird Lumavit nach eigenem Ermessen entweder<br>(i) das Produkt kostenfrei reparieren \u2013 unter Verwendung neuer oder general\u00fcberholter Ersatzteile \u2013,<br>(ii) das Produkt kostenfrei durch ein funktional gleichwertiges Ger\u00e4t ersetzen oder<br>(iii) das Produkt gegen Erstattung des Kaufpreises zur\u00fccknehmen.<br>Versand- und Bearbeitungskosten k\u00f6nnen anfallen, sofern dies nicht durch geltendes Recht ausgeschlossen ist.    <\/p><p>Als Verbraucher bist du angehalten, die gelieferte Ware \/ digitalen Inhalte bzw. die erbrachte Dienstleistung unmittelbar nach Lieferung\/Vertragserf\u00fcllung auf Vollst\u00e4ndigkeit, offensichtliche M\u00e4ngel und Transportsch\u00e4den zu \u00fcberpr\u00fcfen und uns sowie dem Versanddienstleister etwaige Beanstandungen schnellstm\u00f6glich mitzuteilen. <\/p><p><strong>Im Falle eines anwendbaren Gew\u00e4hrleistungsanspruchs \u00fcbernimmt Lumavit die angemessenen Versand- und Bearbeitungskosten.<\/strong><\/p><p>Die von Lumavit gelieferten Waren unterliegen nur dann einer erweiterten Garantie, wenn der Kunde vor Einleitung des Bestellvorgangs ausdr\u00fccklich \u00fcber das Bestehen dieser Garantie sowie deren Bedingungen informiert wurde.<\/p><p>Wenn du Fragen zu deiner Gew\u00e4hrleistungs- oder Garantieabdeckung hast, kontaktiere uns bitte per E-Mail an <a href=\"mailto:hello@lumavit.com\">hello@lumavit.com<\/a>.<br>Vor der Inanspruchnahme von Gew\u00e4hrleistungs- und Garantieleistungen kann es erforderlich sein, dass du einen Kaufnachweis vorlegst.<\/p>\t\t\t\t\t\t\t\t<\/div>\n\t\t\t\t<\/div>\n\t\t\t\t\t<\/div>\n\t\t\t\t<\/div>\n\t\t\t\t<\/div>\n\t\t","protected":false},"excerpt":{"rendered":"<p>Garantie Alle Lumavit-Ger\u00e4te kommen mit einem 30-t\u00e4gigen R\u00fcckgaberecht, sowie 2 Jahren Gew\u00e4hrleistung gem\u00e4\u00df den Vorschriften der Europ\u00e4ischen Union. Wenn du w\u00e4hrend der geltenden Garantiezeit einen berechtigten Anspruch bei Lumavit geltend machst, wird Lumavit nach eigenem Ermessen entweder(i) das Produkt kostenfrei reparieren \u2013 unter Verwendung neuer oder general\u00fcberholter Ersatzteile \u2013,(ii) das Produkt kostenfrei durch ein funktional [&hellip;]<\/p>\n","protected":false},"author":1,"featured_media":0,"parent":0,"menu_order":0,"comment_status":"closed","ping_status":"closed","template":"elementor_header_footer","meta":{"footnotes":""},"class_list":["post-7341","page","type-page","status-publish","hentry"],"yoast_head":"<!-- This site is optimized with the Yoast SEO Premium plugin v26.2 (Yoast SEO v27.5) - https:\/\/yoast.com\/product\/yoast-seo-premium-wordpress\/ -->\n<title>Garantie - LUMAVIT<\/title>\n<meta name=\"robots\" content=\"noindex, follow\" \/>\n<meta property=\"og:locale\" content=\"de_DE\" \/>\n<meta property=\"og:type\" content=\"article\" \/>\n<meta property=\"og:title\" content=\"Garantie\" \/>\n<meta property=\"og:description\" content=\"Garantie Alle Lumavit-Ger\u00e4te kommen mit einem 30-t\u00e4gigen R\u00fcckgaberecht, sowie 2 Jahren Gew\u00e4hrleistung gem\u00e4\u00df den Vorschriften der Europ\u00e4ischen Union. Wenn du w\u00e4hrend der geltenden Garantiezeit einen berechtigten Anspruch bei Lumavit geltend machst, wird Lumavit nach eigenem Ermessen entweder(i) das Produkt kostenfrei reparieren \u2013 unter Verwendung neuer oder general\u00fcberholter Ersatzteile \u2013,(ii) das Produkt kostenfrei durch ein funktional [&hellip;]\" \/>\n<meta property=\"og:url\" content=\"https:\/\/www.lumavit.com\/de\/garantie\/\" \/>\n<meta property=\"og:site_name\" content=\"LUMAVIT\" \/>\n<meta property=\"article:modified_time\" content=\"2025-05-15T12:06:19+00:00\" \/>\n<meta name=\"twitter:card\" content=\"summary_large_image\" \/>\n<meta name=\"twitter:label1\" content=\"Gesch\u00e4tzte Lesezeit\" \/>\n\t<meta name=\"twitter:data1\" content=\"1\u00a0Minute\" \/>\n<script type=\"application\/ld+json\" class=\"yoast-schema-graph\">{\"@context\":\"https:\\\/\\\/schema.org\",\"@graph\":[{\"@type\":\"WebPage\",\"@id\":\"https:\\\/\\\/www.lumavit.com\\\/de\\\/garantie\\\/\",\"url\":\"https:\\\/\\\/www.lumavit.com\\\/de\\\/garantie\\\/\",\"name\":\"Garantie - LUMAVIT\",\"isPartOf\":{\"@id\":\"https:\\\/\\\/www.lumavit.com\\\/de\\\/#website\"},\"datePublished\":\"2023-10-20T17:15:51+00:00\",\"dateModified\":\"2025-05-15T12:06:19+00:00\",\"breadcrumb\":{\"@id\":\"https:\\\/\\\/www.lumavit.com\\\/de\\\/garantie\\\/#breadcrumb\"},\"inLanguage\":\"de\",\"potentialAction\":[{\"@type\":\"ReadAction\",\"target\":[\"https:\\\/\\\/www.lumavit.com\\\/de\\\/garantie\\\/\"]}]},{\"@type\":\"BreadcrumbList\",\"@id\":\"https:\\\/\\\/www.lumavit.com\\\/de\\\/garantie\\\/#breadcrumb\",\"itemListElement\":[{\"@type\":\"ListItem\",\"position\":1,\"name\":\"Startseite\",\"item\":\"https:\\\/\\\/www.lumavit.com\\\/de\\\/red-and-nir-light-therapy\\\/\"},{\"@type\":\"ListItem\",\"position\":2,\"name\":\"Garantie\"}]},{\"@type\":\"WebSite\",\"@id\":\"https:\\\/\\\/www.lumavit.com\\\/de\\\/#website\",\"url\":\"https:\\\/\\\/www.lumavit.com\\\/de\\\/\",\"name\":\"LUMAVIT\",\"description\":\"Red Light Therapy Experts\",\"publisher\":{\"@id\":\"https:\\\/\\\/www.lumavit.com\\\/de\\\/#organization\"},\"potentialAction\":[{\"@type\":\"SearchAction\",\"target\":{\"@type\":\"EntryPoint\",\"urlTemplate\":\"https:\\\/\\\/www.lumavit.com\\\/de\\\/?s={search_term_string}\"},\"query-input\":{\"@type\":\"PropertyValueSpecification\",\"valueRequired\":true,\"valueName\":\"search_term_string\"}}],\"inLanguage\":\"de\"},{\"@type\":\"Organization\",\"@id\":\"https:\\\/\\\/www.lumavit.com\\\/de\\\/#organization\",\"name\":\"LUMAVIT\",\"url\":\"https:\\\/\\\/www.lumavit.com\\\/de\\\/\",\"logo\":{\"@type\":\"ImageObject\",\"inLanguage\":\"de\",\"@id\":\"https:\\\/\\\/www.lumavit.com\\\/de\\\/#\\\/schema\\\/logo\\\/image\\\/\",\"url\":\"https:\\\/\\\/www.lumavit.com\\\/wp-content\\\/uploads\\\/2023\\\/11\\\/cropped-lumavit-logo.png\",\"contentUrl\":\"https:\\\/\\\/www.lumavit.com\\\/wp-content\\\/uploads\\\/2023\\\/11\\\/cropped-lumavit-logo.png\",\"width\":315,\"height\":90,\"caption\":\"LUMAVIT\"},\"image\":{\"@id\":\"https:\\\/\\\/www.lumavit.com\\\/de\\\/#\\\/schema\\\/logo\\\/image\\\/\"},\"sameAs\":[\"https:\\\/\\\/www.linkedin.com\\\/company\\\/lumavit\\\/\"]}]}<\/script>\n<!-- \/ Yoast SEO Premium plugin. -->","yoast_head_json":{"title":"Garantie - LUMAVIT","robots":{"index":"noindex","follow":"follow"},"og_locale":"de_DE","og_type":"article","og_title":"Garantie","og_description":"Garantie Alle Lumavit-Ger\u00e4te kommen mit einem 30-t\u00e4gigen R\u00fcckgaberecht, sowie 2 Jahren Gew\u00e4hrleistung gem\u00e4\u00df den Vorschriften der Europ\u00e4ischen Union. Wenn du w\u00e4hrend der geltenden Garantiezeit einen berechtigten Anspruch bei Lumavit geltend machst, wird Lumavit nach eigenem Ermessen entweder(i) das Produkt kostenfrei reparieren \u2013 unter Verwendung neuer oder general\u00fcberholter Ersatzteile \u2013,(ii) das Produkt kostenfrei durch ein funktional [&hellip;]","og_url":"https:\/\/www.lumavit.com\/de\/garantie\/","og_site_name":"LUMAVIT","article_modified_time":"2025-05-15T12:06:19+00:00","twitter_card":"summary_large_image","twitter_misc":{"Gesch\u00e4tzte Lesezeit":"1\u00a0Minute"},"schema":{"@context":"https:\/\/schema.org","@graph":[{"@type":"WebPage","@id":"https:\/\/www.lumavit.com\/de\/garantie\/","url":"https:\/\/www.lumavit.com\/de\/garantie\/","name":"Garantie - LUMAVIT","isPartOf":{"@id":"https:\/\/www.lumavit.com\/de\/#website"},"datePublished":"2023-10-20T17:15:51+00:00","dateModified":"2025-05-15T12:06:19+00:00","breadcrumb":{"@id":"https:\/\/www.lumavit.com\/de\/garantie\/#breadcrumb"},"inLanguage":"de","potentialAction":[{"@type":"ReadAction","target":["https:\/\/www.lumavit.com\/de\/garantie\/"]}]},{"@type":"BreadcrumbList","@id":"https:\/\/www.lumavit.com\/de\/garantie\/#breadcrumb","itemListElement":[{"@type":"ListItem","position":1,"name":"Startseite","item":"https:\/\/www.lumavit.com\/de\/red-and-nir-light-therapy\/"},{"@type":"ListItem","position":2,"name":"Garantie"}]},{"@type":"WebSite","@id":"https:\/\/www.lumavit.com\/de\/#website","url":"https:\/\/www.lumavit.com\/de\/","name":"LUMAVIT","description":"Red Light Therapy Experts","publisher":{"@id":"https:\/\/www.lumavit.com\/de\/#organization"},"potentialAction":[{"@type":"SearchAction","target":{"@type":"EntryPoint","urlTemplate":"https:\/\/www.lumavit.com\/de\/?s={search_term_string}"},"query-input":{"@type":"PropertyValueSpecification","valueRequired":true,"valueName":"search_term_string"}}],"inLanguage":"de"},{"@type":"Organization","@id":"https:\/\/www.lumavit.com\/de\/#organization","name":"LUMAVIT","url":"https:\/\/www.lumavit.com\/de\/","logo":{"@type":"ImageObject","inLanguage":"de","@id":"https:\/\/www.lumavit.com\/de\/#\/schema\/logo\/image\/","url":"https:\/\/www.lumavit.com\/wp-content\/uploads\/2023\/11\/cropped-lumavit-logo.png","contentUrl":"https:\/\/www.lumavit.com\/wp-content\/uploads\/2023\/11\/cropped-lumavit-logo.png","width":315,"height":90,"caption":"LUMAVIT"},"image":{"@id":"https:\/\/www.lumavit.com\/de\/#\/schema\/logo\/image\/"},"sameAs":["https:\/\/www.linkedin.com\/company\/lumavit\/"]}]}},"_links":{"self":[{"href":"https:\/\/www.lumavit.com\/de\/wp-json\/wp\/v2\/pages\/7341","targetHints":{"allow":["GET"]}}],"collection":[{"href":"https:\/\/www.lumavit.com\/de\/wp-json\/wp\/v2\/pages"}],"about":[{"href":"https:\/\/www.lumavit.com\/de\/wp-json\/wp\/v2\/types\/page"}],"author":[{"embeddable":true,"href":"https:\/\/www.lumavit.com\/de\/wp-json\/wp\/v2\/users\/1"}],"replies":[{"embeddable":true,"href":"https:\/\/www.lumavit.com\/de\/wp-json\/wp\/v2\/comments?post=7341"}],"version-history":[{"count":0,"href":"https:\/\/www.lumavit.com\/de\/wp-json\/wp\/v2\/pages\/7341\/revisions"}],"wp:attachment":[{"href":"https:\/\/www.lumavit.com\/de\/wp-json\/wp\/v2\/media?parent=7341"}],"curies":[{"name":"wp","href":"https:\/\/api.w.org\/{rel}","templated":true}]}}