{"id":7344,"date":"2023-11-06T16:36:14","date_gmt":"2023-11-06T16:36:14","guid":{"rendered":"https:\/\/www.lumavit.com\/verkauf-rueckerstattung\/"},"modified":"2025-05-19T18:00:48","modified_gmt":"2025-05-19T18:00:48","slug":"verkauf-rueckerstattung","status":"publish","type":"page","link":"https:\/\/www.lumavit.com\/de\/verkauf-rueckerstattung\/","title":{"rendered":"Verkauf und R\u00fcckerstattung"},"content":{"rendered":"\t\t<div data-elementor-type=\"wp-page\" data-elementor-id=\"7344\" class=\"elementor elementor-7344 elementor-1266\" data-elementor-post-type=\"page\">\n\t\t\t\t<div class=\"elementor-element elementor-element-4b30bbe e-flex e-con-boxed e-con e-parent\" data-id=\"4b30bbe\" data-element_type=\"container\" data-e-type=\"container\">\n\t\t\t\t\t<div class=\"e-con-inner\">\n\t\t\t\t<div class=\"elementor-element elementor-element-20e8e1f elementor-widget elementor-widget-heading\" data-id=\"20e8e1f\" data-element_type=\"widget\" data-e-type=\"widget\" data-widget_type=\"heading.default\">\n\t\t\t\t<div class=\"elementor-widget-container\">\n\t\t\t\t\t<h2 class=\"elementor-heading-title elementor-size-default\">Verkauf\/Versand<\/h2>\t\t\t\t<\/div>\n\t\t\t\t<\/div>\n\t\t\t\t\t<\/div>\n\t\t\t\t<\/div>\n\t\t<div class=\"elementor-element elementor-element-46c3a36 e-flex e-con-boxed e-con e-parent\" data-id=\"46c3a36\" data-element_type=\"container\" data-e-type=\"container\">\n\t\t\t\t\t<div class=\"e-con-inner\">\n\t\t\t\t<div class=\"elementor-element elementor-element-75003c8 elementor-widget elementor-widget-text-editor\" data-id=\"75003c8\" data-element_type=\"widget\" data-e-type=\"widget\" data-widget_type=\"text-editor.default\">\n\t\t\t\t<div class=\"elementor-widget-container\">\n\t\t\t\t\t\t\t\t\t<p>Die auf den Produktseiten angegebenen Preise verstehen sich inklusive der gesetzlichen Mehrwertsteuer (MwSt.) und sonstiger Preisbestandteile innerhalb der Europ\u00e4ischen Union.<br>Au\u00dferhalb der EU k\u00f6nnen beim Import unserer Produkte in dein Zielland zus\u00e4tzliche Steuern und Geb\u00fchren anfallen. <br><br><\/p><p>Wir liefern weltweit. Alle Produkte werden aus \u00d6sterreich versendet. <\/p><p>Nach dem Versand der Bestellung erh\u00e4lt der Kunde eine E-Mail-Benachrichtigung mit der Sendungsnummer zur Nachverfolgung.<\/p><p> <\/p><p>F\u00fcr digitale Inhalte (z.\u202fB. E-Books, Webinare usw.) fallen keine Versandkosten an.<\/p><p>Die Versandkosten enthalten die gesetzliche Mehrwertsteuer (MwSt.).<br>Da sich der enthaltene Mehrwertsteuerbetrag auf Grundlage der gekauften Waren berechnet, kann er variieren \u2013 insbesondere, wenn die Produkte einem erm\u00e4\u00dfigten Steuersatz unterliegen (z.\u202fB. B\u00fccher).<br>Aus diesem Grund k\u00f6nnen die endg\u00fcltigen Versandkosten erst im Laufe des Bestellvorgangs genau berechnet werden.  <\/p>\t\t\t\t\t\t\t\t<\/div>\n\t\t\t\t<\/div>\n\t\t\t\t\t<\/div>\n\t\t\t\t<\/div>\n\t\t<div class=\"elementor-element elementor-element-9c1a909 e-flex e-con-boxed e-con e-parent\" data-id=\"9c1a909\" data-element_type=\"container\" data-e-type=\"container\">\n\t\t\t\t\t<div class=\"e-con-inner\">\n\t\t\t\t<div class=\"elementor-element elementor-element-69f1e1b elementor-widget elementor-widget-heading\" data-id=\"69f1e1b\" data-element_type=\"widget\" data-e-type=\"widget\" data-widget_type=\"heading.default\">\n\t\t\t\t<div class=\"elementor-widget-container\">\n\t\t\t\t\t<h2 class=\"elementor-heading-title elementor-size-default\">R\u00fcckgabe<\/h2>\t\t\t\t<\/div>\n\t\t\t\t<\/div>\n\t\t\t\t\t<\/div>\n\t\t\t\t<\/div>\n\t\t<div class=\"elementor-element elementor-element-10b9934 e-flex e-con-boxed e-con e-parent\" data-id=\"10b9934\" data-element_type=\"container\" data-e-type=\"container\">\n\t\t\t\t\t<div class=\"e-con-inner\">\n\t\t\t\t<div class=\"elementor-element elementor-element-1136fc1 elementor-widget elementor-widget-text-editor\" data-id=\"1136fc1\" data-element_type=\"widget\" data-e-type=\"widget\" data-widget_type=\"text-editor.default\">\n\t\t\t\t<div class=\"elementor-widget-container\">\n\t\t\t\t\t\t\t\t\t<div><b>R\u00fcckgaberichtlinie f\u00fcr Lumavit-Ger\u00e4te<\/b><\/div><div>Alle Ger\u00e4te verf\u00fcgen \u00fcber ein 30-t\u00e4giges R\u00fcckgaberecht.<br>Solltest du mit deinem Kauf innerhalb der ersten 30 Tage nicht zufrieden sein, f\u00fclle einfach das <b>untenstehende Formular<\/b> aus \u2013 wir senden dir anschlie\u00dfend die R\u00fccksendeanweisungen zu.<br>Bitte beachte f\u00fcr alle R\u00fccksendungen folgende Hinweise:  <\/div><div> <\/div><ul><li><b>Alle Ger\u00e4te, Sets und Produkte m\u00fcssen vollst\u00e4ndig und in der Originalverpackung inklusive aller Ger\u00e4te und Komponenten zur\u00fcckgesendet werden.<br>Die Produkte m\u00fcssen sich in neuwertigem Zustand befinden.<br>R\u00fccksendungen, denen Teile der Originalverpackung oder Komponenten fehlen, k\u00f6nnen abgelehnt und an den Absender zur\u00fcckgeschickt werden.  <\/b><\/li><li><b>Bitte beachte: Palettierte Bestellungen, die per Spedition geliefert wurden, m\u00fcssen ebenfalls per Spedition zur\u00fcckgesendet werden.<\/b><\/li><li>Bestellungen sind vom Umtausch oder Austausch ausgeschlossen. <\/li><li>Die urspr\u00fcnglichen Versandkosten werden nicht erstattet. <\/li><li>R\u00fccksendungen mit besch\u00e4digten oder fehlenden Komponenten k\u00f6nnen abgelehnt und an den Absender zur\u00fcckgeschickt werden.<\/li><li>Die Kosten und Organisation des R\u00fcckversands liegen in der Verantwortung des K\u00e4ufers.<br>Bitte beachte, dass wir keine Haftung f\u00fcr verloren gegangene oder besch\u00e4digte R\u00fccksendungen \u00fcbernehmen k\u00f6nnen. <\/li><li>Nach dem Ausf\u00fcllen und Zusendung des <b>untenstehenden Formulars<\/b>, erh\u00e4ltst du von uns eine R\u00fccksendenummer (Return Authorization Number).<\/li><li>R\u00fccksendungen m\u00fcssen vor Ablauf der 30-t\u00e4gigen R\u00fcckgabefrist, die mit Erhalt des Produkts beginnt, nachweislich versendet (postgestempelt) worden sein.<br>R\u00fccksendungen, die nach Ablauf der 30 Tage versendet werden, werden nicht angenommen. <\/li><li>Alle retournierten Bestellungen werden innerhalb von 3\u20135 Arbeitstagen nach Eingang gepr\u00fcft und bearbeitet.<\/li><li>Alle internationalen R\u00fccksendungen m\u00fcssen an unsere Gesch\u00e4ftsadresse in \u00d6sterreich gesendet werden.<\/li><li>Sowohl die urspr\u00fcnglichen Versandkosten als auch die R\u00fccksendekosten werden vom Erstattungsbetrag abgezogen, wenn eine Bestellung auf Ebene des Versanddienstleisters verweigert und\/oder an den Absender zur\u00fcckgesendet wird.<br>Bitte beachte, dass solche R\u00fccksendungen zus\u00e4tzlichen Geb\u00fchren unterliegen k\u00f6nnen und eine verl\u00e4ngerte Bearbeitungszeit erfordern, da die Ware zun\u00e4chst bei uns eingehen und gepr\u00fcft werden muss, bevor eine R\u00fcckerstattung erfolgen kann. <\/li><li><b>Alle R\u00fccksendungen m\u00fcssen vorab genehmigt werden und eine R\u00fccksendenummer erhalten.<br>Bestellungen, die ohne Genehmigung und\/oder an eine falsche Adresse zur\u00fcckgesendet werden, liegen vollst\u00e4ndig in der Verantwortung des Kunden.<br>Lumavit \u00fcbernimmt keine Haftung f\u00fcr verlorene oder abgelehnte R\u00fccksendungen, bei denen unsere verbindlichen R\u00fccksendeanweisungen nicht beachtet wurden.   <\/b><\/li><li>Sollte ein Artikel ohne Genehmigung zur R\u00fcckgabe oder R\u00fcckerstattung an uns zur\u00fcckgesendet werden, versuchen wir, dich zu kontaktieren. Wir bewahren solche Artikel 30 Tage lang auf, bevor wir sie entsorgen oder anderweitig verwendet.<br>Wir behalten uns das Recht vor, eine R\u00fcckerstattung abzulehnen, wenn die zur\u00fcckgesendeten Artikel nicht den genannten Voraussetzungen entsprechen.<br>Der Kunde tr\u00e4gt die Kosten f\u00fcr den R\u00fcckversand, wenn Artikel au\u00dferhalb des R\u00fcckgabezeitraums oder ohne Genehmigung an uns geschickt wurden.   <\/li><li><b>Bitte beachte: Wenn der Kunde die Lieferadresse, Versandmethode oder andere Versanddetails direkt beim Versanddienstleister \u00e4ndert, \u00fcbernimmt Lumavit keine Verantwortung f\u00fcr daraus resultierende Verz\u00f6gerungen, verlorene Sendungen oder fehlgeschlagene Zustellungen. <\/b><\/li><\/ul><div><b> <\/b><\/div><div><p style=\"caret-color: #000000; color: #000000;\">Wenn der Verbraucher von seinem Widerrufsrecht Gebrauch machen m\u00f6chte, muss er uns innerhalb von 30 Tagen nach Vertragsabschluss bzw. Kaufdatum eine schriftliche Mitteilung \u00fcber den Widerruf oder das ausgef\u00fcllte Widerrufsformular an die Unternehmensadresse senden.<\/p><p style=\"caret-color: #000000; color: #000000;\"><strong>Gesch\u00e4ftsadresse:<\/strong><br>Alternativenergie Racher GmbH,<br>Bergern 13,<br>4690 Rutzenham,<br>\u00d6STERREICH<\/p><p style=\"caret-color: #000000; color: #000000;\"><strong>Widerrufsformular:<br><\/strong>Ich\/wir (*) widerrufe(n) hiermit den von mir\/uns (*) abgeschlossenen Vertrag \u00fcber den Kauf der folgenden Waren(*) \/die Erbringung der folgenden Dienstleistungen(*):<br>&#8211; Bestellt am (*)\/erhalten am (*) ______________________________<br>&#8211; Name des\/ der Verbraucher(s): ______________________________<br>&#8211; Bestellnummer: ______________________________<\/p><p style=\"caret-color: #000000; color: #000000;\">&#8211; Addresse der\/des Verbraucher(s):\u2028\u2028______________________________ ______________________________ <\/p><p style=\"caret-color: #000000; color: #000000;\">&#8211; Unterschrift der\/des Verbraucher(s) (nur in papierform n\u00f6tig):\u2028\u2028______________________________<br>&#8211; Datum:<br>(*) Unzutreffendes bitte streichen.<\/p><\/div><div> <\/div>\t\t\t\t\t\t\t\t<\/div>\n\t\t\t\t<\/div>\n\t\t\t\t\t<\/div>\n\t\t\t\t<\/div>\n\t\t\t\t<\/div>\n\t\t","protected":false},"excerpt":{"rendered":"<p>Verkauf\/Versand Die auf den Produktseiten angegebenen Preise verstehen sich inklusive der gesetzlichen Mehrwertsteuer (MwSt.) und sonstiger Preisbestandteile innerhalb der Europ\u00e4ischen Union.Au\u00dferhalb der EU k\u00f6nnen beim Import unserer Produkte in dein Zielland zus\u00e4tzliche Steuern und Geb\u00fchren anfallen. Wir liefern weltweit. Alle Produkte werden aus \u00d6sterreich versendet. Nach dem Versand der Bestellung erh\u00e4lt der Kunde eine E-Mail-Benachrichtigung [&hellip;]<\/p>\n","protected":false},"author":1,"featured_media":0,"parent":0,"menu_order":0,"comment_status":"closed","ping_status":"closed","template":"elementor_header_footer","meta":{"footnotes":""},"class_list":["post-7344","page","type-page","status-publish","hentry"],"yoast_head":"<!-- This site is optimized with the Yoast SEO Premium plugin v26.2 (Yoast SEO v27.5) - https:\/\/yoast.com\/product\/yoast-seo-premium-wordpress\/ -->\n<title>Verkauf und R\u00fcckerstattung - LUMAVIT<\/title>\n<meta name=\"robots\" content=\"noindex, nofollow\" \/>\n<meta property=\"og:locale\" content=\"de_DE\" \/>\n<meta property=\"og:type\" content=\"article\" \/>\n<meta property=\"og:title\" content=\"Verkauf und R\u00fcckerstattung\" \/>\n<meta property=\"og:description\" content=\"Verkauf\/Versand Die auf den Produktseiten angegebenen Preise verstehen sich inklusive der gesetzlichen Mehrwertsteuer (MwSt.) und sonstiger Preisbestandteile innerhalb der Europ\u00e4ischen Union.Au\u00dferhalb der EU k\u00f6nnen beim Import unserer Produkte in dein Zielland zus\u00e4tzliche Steuern und Geb\u00fchren anfallen. Wir liefern weltweit. Alle Produkte werden aus \u00d6sterreich versendet. Nach dem Versand der Bestellung erh\u00e4lt der Kunde eine E-Mail-Benachrichtigung [&hellip;]\" \/>\n<meta property=\"og:url\" content=\"https:\/\/www.lumavit.com\/de\/verkauf-rueckerstattung\/\" \/>\n<meta property=\"og:site_name\" content=\"LUMAVIT\" \/>\n<meta property=\"article:modified_time\" content=\"2025-05-19T18:00:48+00:00\" \/>\n<meta name=\"twitter:card\" content=\"summary_large_image\" \/>\n<meta name=\"twitter:label1\" content=\"Gesch\u00e4tzte Lesezeit\" \/>\n\t<meta name=\"twitter:data1\" content=\"4\u00a0Minuten\" \/>\n<script type=\"application\/ld+json\" class=\"yoast-schema-graph\">{\"@context\":\"https:\\\/\\\/schema.org\",\"@graph\":[{\"@type\":\"WebPage\",\"@id\":\"https:\\\/\\\/www.lumavit.com\\\/de\\\/verkauf-rueckerstattung\\\/\",\"url\":\"https:\\\/\\\/www.lumavit.com\\\/de\\\/verkauf-rueckerstattung\\\/\",\"name\":\"Verkauf und R\u00fcckerstattung - LUMAVIT\",\"isPartOf\":{\"@id\":\"https:\\\/\\\/www.lumavit.com\\\/de\\\/#website\"},\"datePublished\":\"2023-11-06T16:36:14+00:00\",\"dateModified\":\"2025-05-19T18:00:48+00:00\",\"breadcrumb\":{\"@id\":\"https:\\\/\\\/www.lumavit.com\\\/de\\\/verkauf-rueckerstattung\\\/#breadcrumb\"},\"inLanguage\":\"de\",\"potentialAction\":[{\"@type\":\"ReadAction\",\"target\":[\"https:\\\/\\\/www.lumavit.com\\\/de\\\/verkauf-rueckerstattung\\\/\"]}]},{\"@type\":\"BreadcrumbList\",\"@id\":\"https:\\\/\\\/www.lumavit.com\\\/de\\\/verkauf-rueckerstattung\\\/#breadcrumb\",\"itemListElement\":[{\"@type\":\"ListItem\",\"position\":1,\"name\":\"Startseite\",\"item\":\"https:\\\/\\\/www.lumavit.com\\\/de\\\/red-and-nir-light-therapy\\\/\"},{\"@type\":\"ListItem\",\"position\":2,\"name\":\"Verkauf und R\u00fcckerstattung\"}]},{\"@type\":\"WebSite\",\"@id\":\"https:\\\/\\\/www.lumavit.com\\\/de\\\/#website\",\"url\":\"https:\\\/\\\/www.lumavit.com\\\/de\\\/\",\"name\":\"LUMAVIT\",\"description\":\"Red Light Therapy Experts\",\"publisher\":{\"@id\":\"https:\\\/\\\/www.lumavit.com\\\/de\\\/#organization\"},\"potentialAction\":[{\"@type\":\"SearchAction\",\"target\":{\"@type\":\"EntryPoint\",\"urlTemplate\":\"https:\\\/\\\/www.lumavit.com\\\/de\\\/?s={search_term_string}\"},\"query-input\":{\"@type\":\"PropertyValueSpecification\",\"valueRequired\":true,\"valueName\":\"search_term_string\"}}],\"inLanguage\":\"de\"},{\"@type\":\"Organization\",\"@id\":\"https:\\\/\\\/www.lumavit.com\\\/de\\\/#organization\",\"name\":\"LUMAVIT\",\"url\":\"https:\\\/\\\/www.lumavit.com\\\/de\\\/\",\"logo\":{\"@type\":\"ImageObject\",\"inLanguage\":\"de\",\"@id\":\"https:\\\/\\\/www.lumavit.com\\\/de\\\/#\\\/schema\\\/logo\\\/image\\\/\",\"url\":\"https:\\\/\\\/www.lumavit.com\\\/wp-content\\\/uploads\\\/2023\\\/11\\\/cropped-lumavit-logo.png\",\"contentUrl\":\"https:\\\/\\\/www.lumavit.com\\\/wp-content\\\/uploads\\\/2023\\\/11\\\/cropped-lumavit-logo.png\",\"width\":315,\"height\":90,\"caption\":\"LUMAVIT\"},\"image\":{\"@id\":\"https:\\\/\\\/www.lumavit.com\\\/de\\\/#\\\/schema\\\/logo\\\/image\\\/\"},\"sameAs\":[\"https:\\\/\\\/www.linkedin.com\\\/company\\\/lumavit\\\/\"]}]}<\/script>\n<!-- \/ Yoast SEO Premium plugin. -->","yoast_head_json":{"title":"Verkauf und R\u00fcckerstattung - LUMAVIT","robots":{"index":"noindex","follow":"nofollow"},"og_locale":"de_DE","og_type":"article","og_title":"Verkauf und R\u00fcckerstattung","og_description":"Verkauf\/Versand Die auf den Produktseiten angegebenen Preise verstehen sich inklusive der gesetzlichen Mehrwertsteuer (MwSt.) und sonstiger Preisbestandteile innerhalb der Europ\u00e4ischen Union.Au\u00dferhalb der EU k\u00f6nnen beim Import unserer Produkte in dein Zielland zus\u00e4tzliche Steuern und Geb\u00fchren anfallen. Wir liefern weltweit. Alle Produkte werden aus \u00d6sterreich versendet. Nach dem Versand der Bestellung erh\u00e4lt der Kunde eine E-Mail-Benachrichtigung [&hellip;]","og_url":"https:\/\/www.lumavit.com\/de\/verkauf-rueckerstattung\/","og_site_name":"LUMAVIT","article_modified_time":"2025-05-19T18:00:48+00:00","twitter_card":"summary_large_image","twitter_misc":{"Gesch\u00e4tzte Lesezeit":"4\u00a0Minuten"},"schema":{"@context":"https:\/\/schema.org","@graph":[{"@type":"WebPage","@id":"https:\/\/www.lumavit.com\/de\/verkauf-rueckerstattung\/","url":"https:\/\/www.lumavit.com\/de\/verkauf-rueckerstattung\/","name":"Verkauf und R\u00fcckerstattung - LUMAVIT","isPartOf":{"@id":"https:\/\/www.lumavit.com\/de\/#website"},"datePublished":"2023-11-06T16:36:14+00:00","dateModified":"2025-05-19T18:00:48+00:00","breadcrumb":{"@id":"https:\/\/www.lumavit.com\/de\/verkauf-rueckerstattung\/#breadcrumb"},"inLanguage":"de","potentialAction":[{"@type":"ReadAction","target":["https:\/\/www.lumavit.com\/de\/verkauf-rueckerstattung\/"]}]},{"@type":"BreadcrumbList","@id":"https:\/\/www.lumavit.com\/de\/verkauf-rueckerstattung\/#breadcrumb","itemListElement":[{"@type":"ListItem","position":1,"name":"Startseite","item":"https:\/\/www.lumavit.com\/de\/red-and-nir-light-therapy\/"},{"@type":"ListItem","position":2,"name":"Verkauf und R\u00fcckerstattung"}]},{"@type":"WebSite","@id":"https:\/\/www.lumavit.com\/de\/#website","url":"https:\/\/www.lumavit.com\/de\/","name":"LUMAVIT","description":"Red Light Therapy Experts","publisher":{"@id":"https:\/\/www.lumavit.com\/de\/#organization"},"potentialAction":[{"@type":"SearchAction","target":{"@type":"EntryPoint","urlTemplate":"https:\/\/www.lumavit.com\/de\/?s={search_term_string}"},"query-input":{"@type":"PropertyValueSpecification","valueRequired":true,"valueName":"search_term_string"}}],"inLanguage":"de"},{"@type":"Organization","@id":"https:\/\/www.lumavit.com\/de\/#organization","name":"LUMAVIT","url":"https:\/\/www.lumavit.com\/de\/","logo":{"@type":"ImageObject","inLanguage":"de","@id":"https:\/\/www.lumavit.com\/de\/#\/schema\/logo\/image\/","url":"https:\/\/www.lumavit.com\/wp-content\/uploads\/2023\/11\/cropped-lumavit-logo.png","contentUrl":"https:\/\/www.lumavit.com\/wp-content\/uploads\/2023\/11\/cropped-lumavit-logo.png","width":315,"height":90,"caption":"LUMAVIT"},"image":{"@id":"https:\/\/www.lumavit.com\/de\/#\/schema\/logo\/image\/"},"sameAs":["https:\/\/www.linkedin.com\/company\/lumavit\/"]}]}},"_links":{"self":[{"href":"https:\/\/www.lumavit.com\/de\/wp-json\/wp\/v2\/pages\/7344","targetHints":{"allow":["GET"]}}],"collection":[{"href":"https:\/\/www.lumavit.com\/de\/wp-json\/wp\/v2\/pages"}],"about":[{"href":"https:\/\/www.lumavit.com\/de\/wp-json\/wp\/v2\/types\/page"}],"author":[{"embeddable":true,"href":"https:\/\/www.lumavit.com\/de\/wp-json\/wp\/v2\/users\/1"}],"replies":[{"embeddable":true,"href":"https:\/\/www.lumavit.com\/de\/wp-json\/wp\/v2\/comments?post=7344"}],"version-history":[{"count":0,"href":"https:\/\/www.lumavit.com\/de\/wp-json\/wp\/v2\/pages\/7344\/revisions"}],"wp:attachment":[{"href":"https:\/\/www.lumavit.com\/de\/wp-json\/wp\/v2\/media?parent=7344"}],"curies":[{"name":"wp","href":"https:\/\/api.w.org\/{rel}","templated":true}]}}