{"id":7347,"date":"2023-10-20T07:56:29","date_gmt":"2023-10-20T07:56:29","guid":{"rendered":"https:\/\/www.lumavit.com\/geschaeftsbedingungen\/"},"modified":"2025-05-15T13:20:59","modified_gmt":"2025-05-15T13:20:59","slug":"geschaeftsbedingungen","status":"publish","type":"page","link":"https:\/\/www.lumavit.com\/de\/geschaeftsbedingungen\/","title":{"rendered":"Gesch\u00e4ftsbedingungen"},"content":{"rendered":"\t\t<div data-elementor-type=\"wp-page\" data-elementor-id=\"7347\" class=\"elementor elementor-7347 elementor-75\" data-elementor-post-type=\"page\">\n\t\t\t\t<div class=\"elementor-element elementor-element-89221af e-flex e-con-boxed e-con e-parent\" data-id=\"89221af\" data-element_type=\"container\" data-e-type=\"container\">\n\t\t\t\t\t<div class=\"e-con-inner\">\n\t\t\t\t<div class=\"elementor-element elementor-element-ca2b50e elementor-widget elementor-widget-heading\" data-id=\"ca2b50e\" data-element_type=\"widget\" data-e-type=\"widget\" data-widget_type=\"heading.default\">\n\t\t\t\t<div class=\"elementor-widget-container\">\n\t\t\t\t\t<h2 class=\"elementor-heading-title elementor-size-default\">Gesch\u00e4ftsbedingungen<\/h2>\t\t\t\t<\/div>\n\t\t\t\t<\/div>\n\t\t\t\t\t<\/div>\n\t\t\t\t<\/div>\n\t\t<div class=\"elementor-element elementor-element-aec691f e-flex e-con-boxed e-con e-parent\" data-id=\"aec691f\" data-element_type=\"container\" data-e-type=\"container\">\n\t\t\t\t\t<div class=\"e-con-inner\">\n\t\t\t\t<div class=\"elementor-element elementor-element-cd3f542 elementor-widget elementor-widget-text-editor\" data-id=\"cd3f542\" data-element_type=\"widget\" data-e-type=\"widget\" data-widget_type=\"text-editor.default\">\n\t\t\t\t<div class=\"elementor-widget-container\">\n\t\t\t\t\t\t\t\t\t<p><strong>\u00a7 1 Geltungsbereich, Begriffsbestimmungen<\/strong><\/p><p>1) Die Alternativenergie Racher GmbH, Gabriel Racher, Bergern 13, 4690 Rutzenham, \u00d6sterreich (im Folgenden: \u201ewir\u201c oder \u201eLUMAVIT\u201c) betreibt unter der Website https:\/\/www.lumavit.com einen Online-Shop f\u00fcr Waren.<br>Die nachfolgenden Allgemeinen Gesch\u00e4ftsbedingungen (AGB) gelten f\u00fcr alle Leistungen zwischen uns und unseren Kunden (im Folgenden: \u201eKunde\u201c oder &#8222;Konsument&#8220; oder &#8222;Verbraucher&#8220; oder \u201eSie\u201c) in der zum Zeitpunkt der Bestellung g\u00fcltigen Fassung, sofern nicht ausdr\u00fccklich etwas anderes vereinbart wurde.<\/p><p>(2) \u201eVerbraucher\u201c im Sinne dieser Allgemeinen Gesch\u00e4ftsbedingungen ist jede nat\u00fcrliche Person, die ein Rechtsgesch\u00e4ft zu Zwecken abschlie\u00dft, die \u00fcberwiegend weder ihrer gewerblichen noch ihrer selbst\u00e4ndigen beruflichen T\u00e4tigkeit zugerechnet werden k\u00f6nnen.<br>\u201eUnternehmer\u201c ist eine nat\u00fcrliche oder juristische Person oder eine rechtsf\u00e4hige Personengesellschaft, die bei Abschluss eines Rechtsgesch\u00e4fts in Aus\u00fcbung ihrer gewerblichen oder selbst\u00e4ndigen beruflichen T\u00e4tigkeit handelt. Eine rechtsf\u00e4hige Personengesellschaft ist eine Personengesellschaft, die f\u00e4hig ist, Rechte zu erwerben und Verpflichtungen einzugehen. <\/p><p><b>\u00a7 2 Vertragsschluss, Speicherung des Vertragstextes<\/b><\/p><p>(1) Die nachfolgenden Bestimmungen zum Vertragsschluss gelten f\u00fcr Bestellungen \u00fcber unseren Online-Shop unterhttps:\/\/www.lumavit.com.<\/p><p>(2) Unsere Produktpr\u00e4sentationen im Internet sind unverbindlich und stellen kein rechtlich bindendes Angebot zum Abschluss eines Vertrags dar.<\/p><p>(3) Mit Eingang einer Bestellung in unserem Online-Shop gelten folgende Regelungen:<br>Der Kunde gibt ein verbindliches Vertragsangebot ab, indem er das im Online-Shop vorgesehene Bestellverfahren vollst\u00e4ndig durchl\u00e4uft und erfolgreich abschlie\u00dft.<br>Die Bestellung erfolgt in folgenden Schritten: <\/p><ul><li>Auswahl der gew\u00fcnschten Ware<\/li><li>Hinzuf\u00fcgen der Produkte durch Anklicken des entsprechenden Buttons (z.\u202fB. \u201eIn den Warenkorb legen\u201c, \u201eZum Einkaufswagen hinzuf\u00fcgen\u201c o.\u202f\u00c4.)<\/li><li>\u00dcberpr\u00fcfung der Angaben im Warenkorb<\/li><li>Aufrufen der Bestell\u00fcbersicht durch Anklicken des entsprechenden Buttons (z.\u202fB. \u201eZur Kasse\u201c, \u201eWeiter zur Zahlung\u201c, \u201eZur Bestell\u00fcbersicht\u201c o.\u202f\u00c4.)<\/li><li>Eingabe\/\u00dcberpr\u00fcfung der Adress- und Kontaktdaten, Auswahl der Zahlungsart, Best\u00e4tigung der Allgemeinen Gesch\u00e4ftsbedingungen und der Widerrufsbelehrung<\/li><li>Best\u00e4tigung einer negativen Beschaffenheitsvereinbarung, sofern die vereinbarte Beschaffenheit der Ware von der \u00fcblichen Qualit\u00e4t und Verwendungsbedingungen abweicht<\/li><li>Abschluss der Bestellung durch Anklicken des Buttons \u201eJetzt kaufen\u201c. Dies stellt Ihre verbindliche Bestellung dar. <\/li><\/ul><p>Der Vertrag kommt zustande, wenn Sie innerhalb von drei Werktagen eine Auftragsbest\u00e4tigung von uns an die von Ihnen angegebene E-Mail-Adresse erhalten.<\/p><p>(4) Kommt ein Vertrag zustande, wird er mit der Alternativenergie Racher GmbH, Bergern 13, 4690 Rutzenham, \u00d6sterreich geschlossen.<\/p><p>(5) Vor Abgabe der Bestellung k\u00f6nnen die Vertragsdaten mithilfe der Druckfunktion des Browsers ausgedruckt oder elektronisch gespeichert werden.<br>Die Bestellabwicklung sowie die \u00dcbermittlung aller im Zusammenhang mit dem Vertragsschluss erforderlichen Informationen \u2013 insbesondere der Bestelldaten, der Allgemeinen Gesch\u00e4ftsbedingungen und der Widerrufsbelehrung \u2013 erfolgt per E-Mail nach Absenden der Bestellung, teilweise automatisiert.<br>Der Vertragstext wird von uns nach Vertragsschluss nicht gespeichert.  <\/p><p>(6) Eingabefehler k\u00f6nnen mit den \u00fcblichen Funktionen von Tastatur, Maus und Browser (z.\u202fB. \u00fcber die \u201eZur\u00fcck\u201c-Schaltfl\u00e4che des Browsers) korrigiert werden.<br>Alternativ kann der Bestellvorgang vorzeitig abgebrochen, das Browserfenster geschlossen und der Vorgang anschlie\u00dfend neu gestartet werden. <\/p><p>(7) Die Bestellabwicklung und die \u00dcbermittlung aller f\u00fcr den Vertragsschluss erforderlichen Informationenerfolgen teilweise automatisiert per E-Mail.<br>Sie m\u00fcssen daher sicherstellen, dass die von Ihnen angegebene E-Mail-Adresse korrekt ist, der Empfang von E-Mails technisch sichergestellt ist und insbesondere nicht durch SPAM-Filter verhindert wird. <\/p><p><b>\u00a7 3 Vertragsgegenstand und wesentliche Merkmale der Produkte<\/b><\/p><p>(1) Vertragsgegenstand im Rahmen unseres Online-Shops ist<\/p><p>der Verkauf von Waren. Die jeweils konkret angebotenen Produkte k\u00f6nnen Sie den Produktseiten unseres Online-Shops entnehmen. <\/p><p>(2) Die wesentlichen Merkmale der Waren ergeben sich aus der Artikelbeschreibung.<br>Weicht die vereinbarte Beschaffenheit der Ware von der \u00fcblichen Qualit\u00e4t und den \u00fcblichen Verwendungsbedingungen ab, so wird dies in der Artikelbeschreibung ausdr\u00fccklich angegeben (negative Beschaffenheitsvereinbarung).<br>Soweit der Kunde dieser abweichenden Beschaffenheit ausdr\u00fccklich zustimmt, wird diese zum Vertragsinhalt.  <\/p><p><b>\u00a7 4 Preise, Versandkosten und Lieferung<\/b><\/p><p>(1) Die in den jeweiligen Angeboten angegebenen Preise sowie die Versandkosten sind Gesamtpreise und enthalten alle Preisbestandteile einschlie\u00dflich der geltenden Steuern.<\/p><p>(2) Der jeweilige Kaufpreis ist vor Lieferung der Ware zu bezahlen (Vorkasse), sofern wir nicht ausdr\u00fccklich Kauf auf Rechnung anbieten.<br>Die Ihnen zur Verf\u00fcgung stehenden Zahlungsarten werden im Online-Shop unter einem entsprechend bezeichneten Button oder im jeweiligen Angebot angezeigt.<br>Soweit bei den einzelnen Zahlungsarten nichts anderes angegeben ist, sind die Zahlungsanspr\u00fcche sofort zur Zahlung f\u00e4llig.  <\/p><p>(3) Zus\u00e4tzlich zu den angegebenen Preisen k\u00f6nnen f\u00fcr die Lieferung von Produkten Versandkosten anfallen, sofern das jeweilige Produkt nicht als versandkostenfrei ausgewiesen ist.<br>Die Versandkosten werden Ihnen \u2014 sofern sie anfallen \u2014 deutlich auf den Angebotsseiten, ggf. im Warenkorbsystem sowie in der Bestell\u00fcbersicht nochmals mitgeteilt. <\/p><p>(4) Sofern in der Produktbeschreibung nicht deutlich anders angegeben, sind alle angebotenen Produkte sofort versandbereit (Lieferzeit: 7 Tage nach Zahlungseingang).<\/p><p>(5) Es gelten folgende Lieferbeschr\u00e4nkungen:<br>Die Lieferung erfolgt in die folgenden L\u00e4nder:<br>\u00d6sterreich, Belgien, Bulgarien, Zypern, Tschechien, Deutschland, D\u00e4nemark, Estland, Spanien, Finnland, Frankreich, Griechenland, Kroatien, Ungarn, Irland, Italien, Litauen, Luxemburg, Lettland, Malta, Niederlande, Polen, Portugal, Rum\u00e4nien, Schweden, Slowenien, Slowakei.<\/p><p><b>\u00a7 5 Zur\u00fcckbehaltungsrecht, Eigentumsvorbehalt<\/b><\/p><p>(1) Ein Zur\u00fcckbehaltungsrecht kann nur ausge\u00fcbt werden, soweit es sich um Anspr\u00fcche aus demselben Vertragsverh\u00e4ltnis handelt.<\/p><p>(2) Die Ware bleibt bis zur vollst\u00e4ndigen Bezahlung des Kaufpreises das Eigentum von Lumavit.<\/p><p><b>\u00a7 6 Widerrufsrecht<\/b><\/p><p>Als Verbraucher steht Ihnen bei Lumavit ein 30-t\u00e4giges Widerrufsrecht zu.<\/p><p>M\u00f6chten Sie als Verbraucher von Ihrem Widerrufsrecht Gebrauch machen, muss uns innerhalb von 30 Tagen nach Vertragsabschluss bzw. Kaufdatum eine schriftliche Mitteilung \u00fcber den Widerruf oder das ausgef\u00fcllte Widerrufsformular an die Unternehmensadresse eingehen.<\/p><p><strong>Gesch\u00e4ftsadresse:<\/strong><br>Alternativenergie Racher GmbH,<br>Bergern 13,<br>4690 Rutzenham,<br>\u00d6STERREICH<\/p><p><strong>Withdrawal form:<br><\/strong>Ich\/wir (*) widerrufen hiermit den von mir\/uns (*) abgeschlossenen Vertrag \u00fcber den Kauf der folgenden Waren(*)\/die Erbringung der folgenden Diensteistungen(*):<br>&#8211; Bestellt am (*)\/erhalten am(*): ______________________________<br>&#8211; Name des\/der Verbraucher(s): ______________________________<br>&#8211; Bestellnummer: ______________________________<\/p><p>&#8211; Addresse des\/der Verbraucher(s):\u2028\u2028______________________________ ______________________________ <\/p><p>&#8211; Unterschrift des\/der Verbraucher(s) (nur in papierform n\u00f6tig):\u2028\u2028______________________________<br>&#8211; Datum:<br>(*) Unzutreffendes bitte streichen.<\/p><p><b>\u00a7 7 Haftung<\/b><\/p><p>(1) Vorbehaltlich der nachfolgenden Ausnahmen ist unsere Haftung bei Verletzungen vertraglicher Pflichten und aus unerlaubter Handlung auf Vorsatz oder grobe Fahrl\u00e4ssigkeit beschr\u00e4nkt.<\/p><p>(2) Befinden wir uns aufgrund leichter Fahrl\u00e4ssigkeit in Verzug, ist die Leistung unm\u00f6glich geworden oder haben wir eine wesentliche Vertragspflicht verletzt, ist die Haftung f\u00fcr daraus resultierende Sach- und Verm\u00f6genssch\u00e4den auf den vertragstypisch vorhersehbaren Schaden begrenzt.<br>Eine wesentliche Vertragspflicht ist eine Verpflichtung, deren Erf\u00fcllung die ordnungsgem\u00e4\u00dfe Durchf\u00fchrung des Vertrags \u00fcberhaupt erst erm\u00f6glicht, deren Verletzung die Erreichung des Vertragszwecks gef\u00e4hrdet und auf deren Einhaltung Sie regelm\u00e4\u00dfig vertrauen d\u00fcrfen.<br>Hierzu z\u00e4hlt insbesondere unsere Pflicht zur rechtzeitigen Leistungserbringung sowie zur Erf\u00fcllung der vertraglich geschuldeten Hauptleistung, wie in \u00a7 3 beschrieben.   <\/p><p><b>\u00a7 8 Vertragssprache<\/b><\/p><p>Die Vertragssprache ist ausschlie\u00dflich Englisch oder Deutsch.<\/p><p><b>\u00a7 9 Gew\u00e4hrleistung<\/b><\/p><p>(1) Die Gew\u00e4hrleistung richtet sich nach den gesetzlichen Bestimmungen.<\/p><p>(2) F\u00fcr Unternehmer betr\u00e4gt die Gew\u00e4hrleistungsfrist f\u00fcr gelieferte Waren 12 Monate.<br>F\u00fcr Konsumenten betr\u00e4gt die Gew\u00e4hrleistungsfrist f\u00fcr gelieferte Waren 24 Monate.<\/p><p>(3) Als Verbraucher bist du angehalten, die gelieferte Ware \/ digitalen Inhalte bzw. die erbrachte Dienstleistung unmittelbar nach Vertragserf\u00fcllung auf Vollst\u00e4ndigkeit, offensichtliche M\u00e4ngel und Transportsch\u00e4den zu pr\u00fcfen und uns sowie dem Transportunternehmen etwaige Beanstandungen m\u00f6glichst zeitnah mitzuteilen. <\/p><p><b>\u00a7 10 Schlussbestimmungen \/ Streitbeilegung<\/b><\/p><p>(1) Es gilt \u00f6sterreichisches Recht.<br>Bei Verbrauchern gilt diese Rechtswahl nur insoweit, als dadurch der durch zwingende Bestimmungen des Rechts des Staates des gew\u00f6hnlichen Aufenthalts des Verbrauchers gew\u00e4hrte Schutz nicht entzogen wird (Grundsatz der G\u00fcnstigkeit). <\/p><p>(2) Die Bestimmungen des UN-Kaufrechts (CISG) finden ausdr\u00fccklich keine Anwendung.<\/p><p>(3) Ist der Kunde Unternehmer, eine juristische Person des \u00f6ffentlichen Rechts oder ein \u00f6ffentlich-rechtliches Sonderverm\u00f6gen, so ist Gerichtsstand f\u00fcr alle Streitigkeiten aus Vertragsverh\u00e4ltnissen zwischen dem Kunden und dem Anbieter der Sitz des Anbieters.<\/p><p>(4) Die Europ\u00e4ische Kommission stellt eine Plattform zur Online-Streitbeilegung (OS) bereit, die Sie unter folgendem Link finden:<\/p><p><a href=\"https:\/\/ec.europa.eu\/consumers\/odr\">https:\/\/ec.europa.eu\/consumers\/odr<\/a>. Wir sind nicht verpflichtet, an einem Streitbeilegungsverfahren vor einer Verbraucherschlichtungsstelle teilzunehmen. <\/p>\t\t\t\t\t\t\t\t<\/div>\n\t\t\t\t<\/div>\n\t\t\t\t\t<\/div>\n\t\t\t\t<\/div>\n\t\t\t\t<\/div>\n\t\t","protected":false},"excerpt":{"rendered":"<p>Gesch\u00e4ftsbedingungen \u00a7 1 Geltungsbereich, Begriffsbestimmungen 1) Die Alternativenergie Racher GmbH, Gabriel Racher, Bergern 13, 4690 Rutzenham, \u00d6sterreich (im Folgenden: \u201ewir\u201c oder \u201eLUMAVIT\u201c) betreibt unter der Website https:\/\/www.lumavit.com einen Online-Shop f\u00fcr Waren.Die nachfolgenden Allgemeinen Gesch\u00e4ftsbedingungen (AGB) gelten f\u00fcr alle Leistungen zwischen uns und unseren Kunden (im Folgenden: \u201eKunde\u201c oder &#8222;Konsument&#8220; oder &#8222;Verbraucher&#8220; oder \u201eSie\u201c) in der [&hellip;]<\/p>\n","protected":false},"author":1,"featured_media":0,"parent":0,"menu_order":0,"comment_status":"closed","ping_status":"closed","template":"elementor_header_footer","meta":{"footnotes":""},"class_list":["post-7347","page","type-page","status-publish","hentry"],"yoast_head":"<!-- This site is optimized with the Yoast SEO Premium plugin v26.2 (Yoast SEO v27.5) - https:\/\/yoast.com\/product\/yoast-seo-premium-wordpress\/ -->\n<title>Gesch\u00e4ftsbedingungen - LUMAVIT<\/title>\n<meta name=\"robots\" content=\"noindex, nofollow\" \/>\n<meta property=\"og:locale\" content=\"de_DE\" \/>\n<meta property=\"og:type\" content=\"article\" \/>\n<meta property=\"og:title\" content=\"Gesch\u00e4ftsbedingungen\" \/>\n<meta property=\"og:description\" content=\"Gesch\u00e4ftsbedingungen \u00a7 1 Geltungsbereich, Begriffsbestimmungen 1) Die Alternativenergie Racher GmbH, Gabriel Racher, Bergern 13, 4690 Rutzenham, \u00d6sterreich (im Folgenden: \u201ewir\u201c oder \u201eLUMAVIT\u201c) betreibt unter der Website https:\/\/www.lumavit.com einen Online-Shop f\u00fcr Waren.Die nachfolgenden Allgemeinen Gesch\u00e4ftsbedingungen (AGB) gelten f\u00fcr alle Leistungen zwischen uns und unseren Kunden (im Folgenden: \u201eKunde\u201c oder &#8222;Konsument&#8220; oder &#8222;Verbraucher&#8220; oder \u201eSie\u201c) in der [&hellip;]\" \/>\n<meta property=\"og:url\" content=\"https:\/\/www.lumavit.com\/de\/geschaeftsbedingungen\/\" \/>\n<meta property=\"og:site_name\" content=\"LUMAVIT\" \/>\n<meta property=\"article:modified_time\" content=\"2025-05-15T13:20:59+00:00\" \/>\n<meta name=\"twitter:card\" content=\"summary_large_image\" \/>\n<meta name=\"twitter:label1\" content=\"Gesch\u00e4tzte Lesezeit\" \/>\n\t<meta name=\"twitter:data1\" content=\"6\u00a0Minuten\" \/>\n<script type=\"application\/ld+json\" class=\"yoast-schema-graph\">{\"@context\":\"https:\\\/\\\/schema.org\",\"@graph\":[{\"@type\":\"WebPage\",\"@id\":\"https:\\\/\\\/www.lumavit.com\\\/de\\\/geschaeftsbedingungen\\\/\",\"url\":\"https:\\\/\\\/www.lumavit.com\\\/de\\\/geschaeftsbedingungen\\\/\",\"name\":\"Gesch\u00e4ftsbedingungen - LUMAVIT\",\"isPartOf\":{\"@id\":\"https:\\\/\\\/www.lumavit.com\\\/de\\\/#website\"},\"datePublished\":\"2023-10-20T07:56:29+00:00\",\"dateModified\":\"2025-05-15T13:20:59+00:00\",\"breadcrumb\":{\"@id\":\"https:\\\/\\\/www.lumavit.com\\\/de\\\/geschaeftsbedingungen\\\/#breadcrumb\"},\"inLanguage\":\"de\",\"potentialAction\":[{\"@type\":\"ReadAction\",\"target\":[\"https:\\\/\\\/www.lumavit.com\\\/de\\\/geschaeftsbedingungen\\\/\"]}]},{\"@type\":\"BreadcrumbList\",\"@id\":\"https:\\\/\\\/www.lumavit.com\\\/de\\\/geschaeftsbedingungen\\\/#breadcrumb\",\"itemListElement\":[{\"@type\":\"ListItem\",\"position\":1,\"name\":\"Startseite\",\"item\":\"https:\\\/\\\/www.lumavit.com\\\/de\\\/red-and-nir-light-therapy\\\/\"},{\"@type\":\"ListItem\",\"position\":2,\"name\":\"Gesch\u00e4ftsbedingungen\"}]},{\"@type\":\"WebSite\",\"@id\":\"https:\\\/\\\/www.lumavit.com\\\/de\\\/#website\",\"url\":\"https:\\\/\\\/www.lumavit.com\\\/de\\\/\",\"name\":\"LUMAVIT\",\"description\":\"Red Light Therapy Experts\",\"publisher\":{\"@id\":\"https:\\\/\\\/www.lumavit.com\\\/de\\\/#organization\"},\"potentialAction\":[{\"@type\":\"SearchAction\",\"target\":{\"@type\":\"EntryPoint\",\"urlTemplate\":\"https:\\\/\\\/www.lumavit.com\\\/de\\\/?s={search_term_string}\"},\"query-input\":{\"@type\":\"PropertyValueSpecification\",\"valueRequired\":true,\"valueName\":\"search_term_string\"}}],\"inLanguage\":\"de\"},{\"@type\":\"Organization\",\"@id\":\"https:\\\/\\\/www.lumavit.com\\\/de\\\/#organization\",\"name\":\"LUMAVIT\",\"url\":\"https:\\\/\\\/www.lumavit.com\\\/de\\\/\",\"logo\":{\"@type\":\"ImageObject\",\"inLanguage\":\"de\",\"@id\":\"https:\\\/\\\/www.lumavit.com\\\/de\\\/#\\\/schema\\\/logo\\\/image\\\/\",\"url\":\"https:\\\/\\\/www.lumavit.com\\\/wp-content\\\/uploads\\\/2023\\\/11\\\/cropped-lumavit-logo.png\",\"contentUrl\":\"https:\\\/\\\/www.lumavit.com\\\/wp-content\\\/uploads\\\/2023\\\/11\\\/cropped-lumavit-logo.png\",\"width\":315,\"height\":90,\"caption\":\"LUMAVIT\"},\"image\":{\"@id\":\"https:\\\/\\\/www.lumavit.com\\\/de\\\/#\\\/schema\\\/logo\\\/image\\\/\"},\"sameAs\":[\"https:\\\/\\\/www.linkedin.com\\\/company\\\/lumavit\\\/\"]}]}<\/script>\n<!-- \/ Yoast SEO Premium plugin. -->","yoast_head_json":{"title":"Gesch\u00e4ftsbedingungen - LUMAVIT","robots":{"index":"noindex","follow":"nofollow"},"og_locale":"de_DE","og_type":"article","og_title":"Gesch\u00e4ftsbedingungen","og_description":"Gesch\u00e4ftsbedingungen \u00a7 1 Geltungsbereich, Begriffsbestimmungen 1) Die Alternativenergie Racher GmbH, Gabriel Racher, Bergern 13, 4690 Rutzenham, \u00d6sterreich (im Folgenden: \u201ewir\u201c oder \u201eLUMAVIT\u201c) betreibt unter der Website https:\/\/www.lumavit.com einen Online-Shop f\u00fcr Waren.Die nachfolgenden Allgemeinen Gesch\u00e4ftsbedingungen (AGB) gelten f\u00fcr alle Leistungen zwischen uns und unseren Kunden (im Folgenden: \u201eKunde\u201c oder &#8222;Konsument&#8220; oder &#8222;Verbraucher&#8220; oder \u201eSie\u201c) in der [&hellip;]","og_url":"https:\/\/www.lumavit.com\/de\/geschaeftsbedingungen\/","og_site_name":"LUMAVIT","article_modified_time":"2025-05-15T13:20:59+00:00","twitter_card":"summary_large_image","twitter_misc":{"Gesch\u00e4tzte Lesezeit":"6\u00a0Minuten"},"schema":{"@context":"https:\/\/schema.org","@graph":[{"@type":"WebPage","@id":"https:\/\/www.lumavit.com\/de\/geschaeftsbedingungen\/","url":"https:\/\/www.lumavit.com\/de\/geschaeftsbedingungen\/","name":"Gesch\u00e4ftsbedingungen - LUMAVIT","isPartOf":{"@id":"https:\/\/www.lumavit.com\/de\/#website"},"datePublished":"2023-10-20T07:56:29+00:00","dateModified":"2025-05-15T13:20:59+00:00","breadcrumb":{"@id":"https:\/\/www.lumavit.com\/de\/geschaeftsbedingungen\/#breadcrumb"},"inLanguage":"de","potentialAction":[{"@type":"ReadAction","target":["https:\/\/www.lumavit.com\/de\/geschaeftsbedingungen\/"]}]},{"@type":"BreadcrumbList","@id":"https:\/\/www.lumavit.com\/de\/geschaeftsbedingungen\/#breadcrumb","itemListElement":[{"@type":"ListItem","position":1,"name":"Startseite","item":"https:\/\/www.lumavit.com\/de\/red-and-nir-light-therapy\/"},{"@type":"ListItem","position":2,"name":"Gesch\u00e4ftsbedingungen"}]},{"@type":"WebSite","@id":"https:\/\/www.lumavit.com\/de\/#website","url":"https:\/\/www.lumavit.com\/de\/","name":"LUMAVIT","description":"Red Light Therapy Experts","publisher":{"@id":"https:\/\/www.lumavit.com\/de\/#organization"},"potentialAction":[{"@type":"SearchAction","target":{"@type":"EntryPoint","urlTemplate":"https:\/\/www.lumavit.com\/de\/?s={search_term_string}"},"query-input":{"@type":"PropertyValueSpecification","valueRequired":true,"valueName":"search_term_string"}}],"inLanguage":"de"},{"@type":"Organization","@id":"https:\/\/www.lumavit.com\/de\/#organization","name":"LUMAVIT","url":"https:\/\/www.lumavit.com\/de\/","logo":{"@type":"ImageObject","inLanguage":"de","@id":"https:\/\/www.lumavit.com\/de\/#\/schema\/logo\/image\/","url":"https:\/\/www.lumavit.com\/wp-content\/uploads\/2023\/11\/cropped-lumavit-logo.png","contentUrl":"https:\/\/www.lumavit.com\/wp-content\/uploads\/2023\/11\/cropped-lumavit-logo.png","width":315,"height":90,"caption":"LUMAVIT"},"image":{"@id":"https:\/\/www.lumavit.com\/de\/#\/schema\/logo\/image\/"},"sameAs":["https:\/\/www.linkedin.com\/company\/lumavit\/"]}]}},"_links":{"self":[{"href":"https:\/\/www.lumavit.com\/de\/wp-json\/wp\/v2\/pages\/7347","targetHints":{"allow":["GET"]}}],"collection":[{"href":"https:\/\/www.lumavit.com\/de\/wp-json\/wp\/v2\/pages"}],"about":[{"href":"https:\/\/www.lumavit.com\/de\/wp-json\/wp\/v2\/types\/page"}],"author":[{"embeddable":true,"href":"https:\/\/www.lumavit.com\/de\/wp-json\/wp\/v2\/users\/1"}],"replies":[{"embeddable":true,"href":"https:\/\/www.lumavit.com\/de\/wp-json\/wp\/v2\/comments?post=7347"}],"version-history":[{"count":0,"href":"https:\/\/www.lumavit.com\/de\/wp-json\/wp\/v2\/pages\/7347\/revisions"}],"wp:attachment":[{"href":"https:\/\/www.lumavit.com\/de\/wp-json\/wp\/v2\/media?parent=7347"}],"curies":[{"name":"wp","href":"https:\/\/api.w.org\/{rel}","templated":true}]}}