{"id":7366,"date":"2023-10-20T07:56:33","date_gmt":"2023-10-20T07:56:33","guid":{"rendered":"https:\/\/www.lumavit.com\/produkt\/matte\/"},"modified":"2026-01-18T11:03:02","modified_gmt":"2026-01-18T11:03:02","slug":"mat","status":"publish","type":"product","link":"https:\/\/www.lumavit.com\/de\/produkt\/mat\/","title":{"rendered":"Sportmatte"},"content":{"rendered":"<p>Erleben Sie ultimativen Komfort und Stabilit\u00e4t mit der Lumavit Sportmatte. Hergestellt aus hochwertigem Material bietet sie optimale Unterst\u00fctzung f\u00fcr Yoga, Pilates, Krafttraining und Regenerations\u00fcbungen. Die rutschfeste Oberfl\u00e4che sorgt f\u00fcr sicheren Stand, w\u00e4hrend das schlanke Design den einfachen Transport \u00fcberallhin erm\u00f6glicht.  <\/p>\n","protected":false},"excerpt":{"rendered":"<p>Erleben Sie ultimativen Komfort und Stabilit\u00e4t mit der Lumavit Sportmatte. Hergestellt aus hochwertigem Material bietet sie optimale Unterst\u00fctzung f\u00fcr Yoga, Pilates, Krafttraining und Regenerations\u00fcbungen. Die rutschfeste Oberfl\u00e4che sorgt f\u00fcr sicheren Stand, w\u00e4hrend das schlanke Design den einfachen Transport \u00fcberallhin erm\u00f6glicht.  <\/p>\n","protected":false},"featured_media":7178,"comment_status":"open","ping_status":"closed","template":"","meta":[],"product_brand":[],"product_cat":[114],"product_tag":[],"class_list":{"0":"post-7366","1":"product","2":"type-product","3":"status-publish","4":"has-post-thumbnail","6":"product_cat-yoga-de","8":"first","9":"instock","10":"taxable","11":"shipping-taxable","12":"purchasable","13":"product-type-simple"},"yoast_head":"<!-- This site is optimized with the Yoast SEO Premium plugin v26.2 (Yoast SEO v27.5) - https:\/\/yoast.com\/product\/yoast-seo-premium-wordpress\/ -->\n<title>Sportmatte - LUMAVIT<\/title>\n<meta name=\"description\" content=\"Verbessern Sie Ihre Workouts zu Hause oder Yoga-Einheiten mit der Lumavit Sportmatte \u2013 entwickelt f\u00fcr optimalen Komfort, Stabilit\u00e4t und Langlebigkeit.\" \/>\n<meta name=\"robots\" content=\"index, follow, max-snippet:-1, max-image-preview:large, max-video-preview:-1\" \/>\n<link rel=\"canonical\" href=\"https:\/\/www.lumavit.com\/de\/produkt\/mat\/\" \/>\n<meta property=\"og:locale\" content=\"de_DE\" \/>\n<meta property=\"og:type\" content=\"article\" \/>\n<meta property=\"og:title\" content=\"Sportmatte\" \/>\n<meta property=\"og:description\" content=\"Verbessern Sie Ihre Workouts zu Hause oder Yoga-Einheiten mit der Lumavit Sportmatte \u2013 entwickelt f\u00fcr optimalen Komfort, Stabilit\u00e4t und Langlebigkeit.\" \/>\n<meta property=\"og:url\" content=\"https:\/\/www.lumavit.com\/de\/produkt\/mat\/\" \/>\n<meta property=\"og:site_name\" content=\"LUMAVIT\" \/>\n<meta property=\"article:modified_time\" content=\"2026-01-18T11:03:02+00:00\" \/>\n<meta property=\"og:image\" content=\"https:\/\/www.lumavit.com\/wp-content\/uploads\/2025\/03\/Lumavit-Yogamatte.webp\" \/>\n\t<meta property=\"og:image:width\" content=\"800\" \/>\n\t<meta property=\"og:image:height\" content=\"800\" \/>\n\t<meta property=\"og:image:type\" content=\"image\/webp\" \/>\n<meta name=\"twitter:card\" content=\"summary_large_image\" \/>\n<meta name=\"twitter:label1\" content=\"Gesch\u00e4tzte Lesezeit\" \/>\n\t<meta name=\"twitter:data1\" content=\"1\u00a0Minute\" \/>\n<script type=\"application\/ld+json\" class=\"yoast-schema-graph\">{\"@context\":\"https:\\\/\\\/schema.org\",\"@graph\":[{\"@type\":\"WebPage\",\"@id\":\"https:\\\/\\\/www.lumavit.com\\\/de\\\/produkt\\\/mat\\\/\",\"url\":\"https:\\\/\\\/www.lumavit.com\\\/de\\\/produkt\\\/mat\\\/\",\"name\":\"Sportmatte - LUMAVIT\",\"isPartOf\":{\"@id\":\"https:\\\/\\\/www.lumavit.com\\\/de\\\/#website\"},\"primaryImageOfPage\":{\"@id\":\"https:\\\/\\\/www.lumavit.com\\\/de\\\/produkt\\\/mat\\\/#primaryimage\"},\"image\":{\"@id\":\"https:\\\/\\\/www.lumavit.com\\\/de\\\/produkt\\\/mat\\\/#primaryimage\"},\"thumbnailUrl\":\"https:\\\/\\\/www.lumavit.com\\\/wp-content\\\/uploads\\\/2025\\\/03\\\/Lumavit-Yogamatte.webp\",\"datePublished\":\"2023-10-20T07:56:33+00:00\",\"dateModified\":\"2026-01-18T11:03:02+00:00\",\"description\":\"Verbessern Sie Ihre Workouts zu Hause oder Yoga-Einheiten mit der Lumavit Sportmatte \u2013 entwickelt f\u00fcr optimalen Komfort, Stabilit\u00e4t und Langlebigkeit.\",\"breadcrumb\":{\"@id\":\"https:\\\/\\\/www.lumavit.com\\\/de\\\/produkt\\\/mat\\\/#breadcrumb\"},\"inLanguage\":\"de\",\"potentialAction\":[{\"@type\":\"ReadAction\",\"target\":[\"https:\\\/\\\/www.lumavit.com\\\/de\\\/produkt\\\/mat\\\/\"]}]},{\"@type\":\"ImageObject\",\"inLanguage\":\"de\",\"@id\":\"https:\\\/\\\/www.lumavit.com\\\/de\\\/produkt\\\/mat\\\/#primaryimage\",\"url\":\"https:\\\/\\\/www.lumavit.com\\\/wp-content\\\/uploads\\\/2025\\\/03\\\/Lumavit-Yogamatte.webp\",\"contentUrl\":\"https:\\\/\\\/www.lumavit.com\\\/wp-content\\\/uploads\\\/2025\\\/03\\\/Lumavit-Yogamatte.webp\",\"width\":800,\"height\":800},{\"@type\":\"BreadcrumbList\",\"@id\":\"https:\\\/\\\/www.lumavit.com\\\/de\\\/produkt\\\/mat\\\/#breadcrumb\",\"itemListElement\":[{\"@type\":\"ListItem\",\"position\":1,\"name\":\"Startseite\",\"item\":\"https:\\\/\\\/www.lumavit.com\\\/de\\\/red-and-nir-light-therapy\\\/\"},{\"@type\":\"ListItem\",\"position\":2,\"name\":\"Produkte\",\"item\":\"https:\\\/\\\/www.lumavit.com\\\/de\\\/shop\\\/\"},{\"@type\":\"ListItem\",\"position\":3,\"name\":\"Sportmatte\"}]},{\"@type\":\"WebSite\",\"@id\":\"https:\\\/\\\/www.lumavit.com\\\/de\\\/#website\",\"url\":\"https:\\\/\\\/www.lumavit.com\\\/de\\\/\",\"name\":\"LUMAVIT\",\"description\":\"Red Light Therapy Experts\",\"publisher\":{\"@id\":\"https:\\\/\\\/www.lumavit.com\\\/de\\\/#organization\"},\"potentialAction\":[{\"@type\":\"SearchAction\",\"target\":{\"@type\":\"EntryPoint\",\"urlTemplate\":\"https:\\\/\\\/www.lumavit.com\\\/de\\\/?s={search_term_string}\"},\"query-input\":{\"@type\":\"PropertyValueSpecification\",\"valueRequired\":true,\"valueName\":\"search_term_string\"}}],\"inLanguage\":\"de\"},{\"@type\":\"Organization\",\"@id\":\"https:\\\/\\\/www.lumavit.com\\\/de\\\/#organization\",\"name\":\"LUMAVIT\",\"url\":\"https:\\\/\\\/www.lumavit.com\\\/de\\\/\",\"logo\":{\"@type\":\"ImageObject\",\"inLanguage\":\"de\",\"@id\":\"https:\\\/\\\/www.lumavit.com\\\/de\\\/#\\\/schema\\\/logo\\\/image\\\/\",\"url\":\"https:\\\/\\\/www.lumavit.com\\\/wp-content\\\/uploads\\\/2023\\\/11\\\/cropped-lumavit-logo.png\",\"contentUrl\":\"https:\\\/\\\/www.lumavit.com\\\/wp-content\\\/uploads\\\/2023\\\/11\\\/cropped-lumavit-logo.png\",\"width\":315,\"height\":90,\"caption\":\"LUMAVIT\"},\"image\":{\"@id\":\"https:\\\/\\\/www.lumavit.com\\\/de\\\/#\\\/schema\\\/logo\\\/image\\\/\"},\"sameAs\":[\"https:\\\/\\\/www.linkedin.com\\\/company\\\/lumavit\\\/\"]}]}<\/script>\n<!-- \/ Yoast SEO Premium plugin. -->","yoast_head_json":{"title":"Sportmatte - LUMAVIT","description":"Verbessern Sie Ihre Workouts zu Hause oder Yoga-Einheiten mit der Lumavit Sportmatte \u2013 entwickelt f\u00fcr optimalen Komfort, Stabilit\u00e4t und Langlebigkeit.","robots":{"index":"index","follow":"follow","max-snippet":"max-snippet:-1","max-image-preview":"max-image-preview:large","max-video-preview":"max-video-preview:-1"},"canonical":"https:\/\/www.lumavit.com\/de\/produkt\/mat\/","og_locale":"de_DE","og_type":"article","og_title":"Sportmatte","og_description":"Verbessern Sie Ihre Workouts zu Hause oder Yoga-Einheiten mit der Lumavit Sportmatte \u2013 entwickelt f\u00fcr optimalen Komfort, Stabilit\u00e4t und Langlebigkeit.","og_url":"https:\/\/www.lumavit.com\/de\/produkt\/mat\/","og_site_name":"LUMAVIT","article_modified_time":"2026-01-18T11:03:02+00:00","og_image":[{"width":800,"height":800,"url":"https:\/\/www.lumavit.com\/wp-content\/uploads\/2025\/03\/Lumavit-Yogamatte.webp","type":"image\/webp"}],"twitter_card":"summary_large_image","twitter_misc":{"Gesch\u00e4tzte Lesezeit":"1\u00a0Minute"},"schema":{"@context":"https:\/\/schema.org","@graph":[{"@type":"WebPage","@id":"https:\/\/www.lumavit.com\/de\/produkt\/mat\/","url":"https:\/\/www.lumavit.com\/de\/produkt\/mat\/","name":"Sportmatte - LUMAVIT","isPartOf":{"@id":"https:\/\/www.lumavit.com\/de\/#website"},"primaryImageOfPage":{"@id":"https:\/\/www.lumavit.com\/de\/produkt\/mat\/#primaryimage"},"image":{"@id":"https:\/\/www.lumavit.com\/de\/produkt\/mat\/#primaryimage"},"thumbnailUrl":"https:\/\/www.lumavit.com\/wp-content\/uploads\/2025\/03\/Lumavit-Yogamatte.webp","datePublished":"2023-10-20T07:56:33+00:00","dateModified":"2026-01-18T11:03:02+00:00","description":"Verbessern Sie Ihre Workouts zu Hause oder Yoga-Einheiten mit der Lumavit Sportmatte \u2013 entwickelt f\u00fcr optimalen Komfort, Stabilit\u00e4t und Langlebigkeit.","breadcrumb":{"@id":"https:\/\/www.lumavit.com\/de\/produkt\/mat\/#breadcrumb"},"inLanguage":"de","potentialAction":[{"@type":"ReadAction","target":["https:\/\/www.lumavit.com\/de\/produkt\/mat\/"]}]},{"@type":"ImageObject","inLanguage":"de","@id":"https:\/\/www.lumavit.com\/de\/produkt\/mat\/#primaryimage","url":"https:\/\/www.lumavit.com\/wp-content\/uploads\/2025\/03\/Lumavit-Yogamatte.webp","contentUrl":"https:\/\/www.lumavit.com\/wp-content\/uploads\/2025\/03\/Lumavit-Yogamatte.webp","width":800,"height":800},{"@type":"BreadcrumbList","@id":"https:\/\/www.lumavit.com\/de\/produkt\/mat\/#breadcrumb","itemListElement":[{"@type":"ListItem","position":1,"name":"Startseite","item":"https:\/\/www.lumavit.com\/de\/red-and-nir-light-therapy\/"},{"@type":"ListItem","position":2,"name":"Produkte","item":"https:\/\/www.lumavit.com\/de\/shop\/"},{"@type":"ListItem","position":3,"name":"Sportmatte"}]},{"@type":"WebSite","@id":"https:\/\/www.lumavit.com\/de\/#website","url":"https:\/\/www.lumavit.com\/de\/","name":"LUMAVIT","description":"Red Light Therapy Experts","publisher":{"@id":"https:\/\/www.lumavit.com\/de\/#organization"},"potentialAction":[{"@type":"SearchAction","target":{"@type":"EntryPoint","urlTemplate":"https:\/\/www.lumavit.com\/de\/?s={search_term_string}"},"query-input":{"@type":"PropertyValueSpecification","valueRequired":true,"valueName":"search_term_string"}}],"inLanguage":"de"},{"@type":"Organization","@id":"https:\/\/www.lumavit.com\/de\/#organization","name":"LUMAVIT","url":"https:\/\/www.lumavit.com\/de\/","logo":{"@type":"ImageObject","inLanguage":"de","@id":"https:\/\/www.lumavit.com\/de\/#\/schema\/logo\/image\/","url":"https:\/\/www.lumavit.com\/wp-content\/uploads\/2023\/11\/cropped-lumavit-logo.png","contentUrl":"https:\/\/www.lumavit.com\/wp-content\/uploads\/2023\/11\/cropped-lumavit-logo.png","width":315,"height":90,"caption":"LUMAVIT"},"image":{"@id":"https:\/\/www.lumavit.com\/de\/#\/schema\/logo\/image\/"},"sameAs":["https:\/\/www.linkedin.com\/company\/lumavit\/"]}]}},"_links":{"self":[{"href":"https:\/\/www.lumavit.com\/de\/wp-json\/wp\/v2\/product\/7366","targetHints":{"allow":["GET"]}}],"collection":[{"href":"https:\/\/www.lumavit.com\/de\/wp-json\/wp\/v2\/product"}],"about":[{"href":"https:\/\/www.lumavit.com\/de\/wp-json\/wp\/v2\/types\/product"}],"replies":[{"embeddable":true,"href":"https:\/\/www.lumavit.com\/de\/wp-json\/wp\/v2\/comments?post=7366"}],"wp:featuredmedia":[{"embeddable":true,"href":"https:\/\/www.lumavit.com\/de\/wp-json\/wp\/v2\/media\/7178"}],"wp:attachment":[{"href":"https:\/\/www.lumavit.com\/de\/wp-json\/wp\/v2\/media?parent=7366"}],"wp:term":[{"taxonomy":"product_brand","embeddable":true,"href":"https:\/\/www.lumavit.com\/de\/wp-json\/wp\/v2\/product_brand?post=7366"},{"taxonomy":"product_cat","embeddable":true,"href":"https:\/\/www.lumavit.com\/de\/wp-json\/wp\/v2\/product_cat?post=7366"},{"taxonomy":"product_tag","embeddable":true,"href":"https:\/\/www.lumavit.com\/de\/wp-json\/wp\/v2\/product_tag?post=7366"}],"curies":[{"name":"wp","href":"https:\/\/api.w.org\/{rel}","templated":true}]}}