{"id":7367,"date":"2025-03-03T21:44:17","date_gmt":"2025-03-03T21:44:17","guid":{"rendered":"https:\/\/www.lumavit.com\/produkt\/baender\/"},"modified":"2026-01-18T11:05:50","modified_gmt":"2026-01-18T11:05:50","slug":"baender","status":"publish","type":"product","link":"https:\/\/www.lumavit.com\/de\/produkt\/baender\/","title":{"rendered":"B\u00e4nder"},"content":{"rendered":"<p data-start=\"61\" data-end=\"420\">Bringen Sie Ihr Training mit den Lumavit Sportb\u00e4ndern auf das n\u00e4chste Level. Entwickelt f\u00fcr Kraft, Mobilit\u00e4t und Rehabilitation bieten diese hochwertigen B\u00e4nder verschiedene Widerstandsstufen f\u00fcr jedes Fitnessniveau. Ob Muskelaktivierung, Verbesserung der Beweglichkeit oder Kraftaufbau \u2013 diese B\u00e4nder sind eine vielseitige und effektive Trainingsl\u00f6sung.  <\/p>\n","protected":false},"excerpt":{"rendered":"<p data-start=\"61\" data-end=\"420\">Bringen Sie Ihr Training mit den Lumavit Sportb\u00e4ndern auf das n\u00e4chste Level. Entwickelt f\u00fcr Kraft, Mobilit\u00e4t und Rehabilitation bieten diese hochwertigen B\u00e4nder verschiedene Widerstandsstufen f\u00fcr jedes Fitnessniveau. Ob Muskelaktivierung, Verbesserung der Beweglichkeit oder Kraftaufbau \u2013 diese B\u00e4nder sind eine vielseitige und effektive Trainingsl\u00f6sung.  <\/p>\n<p data-start=\"422\" data-end=\"676\">\u2714\ufe0f <strong data-start=\"425\" data-end=\"454\">Langlebiges &amp; rutschfestes Material<\/strong> \u2013 F\u00fcr Stabilit\u00e4t und dauerhaften Halt.<br data-start=\"507\" data-end=\"510\">\u2714\ufe0f <strong data-start=\"513\" data-end=\"543\">Verschiedene Widerstandsstufen<\/strong> \u2013 Trainieren Sie in Ihrem eigenen Tempo mit unterschiedlichen Intensit\u00e4ten.<br data-start=\"597\" data-end=\"600\">\u2714\ufe0f <strong data-start=\"603\" data-end=\"629\">Tragbar &amp; leicht<\/strong> \u2013 Ideal f\u00fcr Workouts zu Hause, im Fitnessstudio oder unterwegs.<\/p>\n","protected":false},"featured_media":7245,"comment_status":"closed","ping_status":"closed","template":"","meta":[],"product_brand":[],"product_cat":[115],"product_tag":[],"class_list":{"0":"post-7367","1":"product","2":"type-product","3":"status-publish","4":"has-post-thumbnail","6":"product_cat-bander","8":"first","9":"instock","10":"taxable","11":"shipping-taxable","12":"purchasable","13":"product-type-simple"},"yoast_head":"<!-- This site is optimized with the Yoast SEO Premium plugin v26.2 (Yoast SEO v27.5) - https:\/\/yoast.com\/product\/yoast-seo-premium-wordpress\/ -->\n<title>B\u00e4nder - LUMAVIT<\/title>\n<meta name=\"description\" content=\"Verbessern Sie Ihr Training zu Hause mit den Lumavit Sports B\u00e4ndern \u2013 vielseitige Widerstandsb\u00e4nder f\u00fcr Kraft-, Mobilit\u00e4ts- und Regenerations\u00fcbungen.\" \/>\n<meta name=\"robots\" content=\"index, follow, max-snippet:-1, max-image-preview:large, max-video-preview:-1\" \/>\n<link rel=\"canonical\" href=\"https:\/\/www.lumavit.com\/de\/produkt\/baender\/\" \/>\n<meta property=\"og:locale\" content=\"de_DE\" \/>\n<meta property=\"og:type\" content=\"article\" \/>\n<meta property=\"og:title\" content=\"B\u00e4nder\" \/>\n<meta property=\"og:description\" content=\"Verbessern Sie Ihr Training zu Hause mit den Lumavit Sports B\u00e4ndern \u2013 vielseitige Widerstandsb\u00e4nder f\u00fcr Kraft-, Mobilit\u00e4ts- und Regenerations\u00fcbungen.\" \/>\n<meta property=\"og:url\" content=\"https:\/\/www.lumavit.com\/de\/produkt\/baender\/\" \/>\n<meta property=\"og:site_name\" content=\"LUMAVIT\" \/>\n<meta property=\"article:modified_time\" content=\"2026-01-18T11:05:50+00:00\" \/>\n<meta property=\"og:image\" content=\"https:\/\/www.lumavit.com\/wp-content\/uploads\/2025\/03\/Lumavit-Bands.webp\" \/>\n\t<meta property=\"og:image:width\" content=\"1200\" \/>\n\t<meta property=\"og:image:height\" content=\"1200\" \/>\n\t<meta property=\"og:image:type\" content=\"image\/webp\" \/>\n<meta name=\"twitter:card\" content=\"summary_large_image\" \/>\n<meta name=\"twitter:label1\" content=\"Gesch\u00e4tzte Lesezeit\" \/>\n\t<meta name=\"twitter:data1\" content=\"1\u00a0Minute\" \/>\n<script type=\"application\/ld+json\" class=\"yoast-schema-graph\">{\"@context\":\"https:\\\/\\\/schema.org\",\"@graph\":[{\"@type\":\"WebPage\",\"@id\":\"https:\\\/\\\/www.lumavit.com\\\/de\\\/produkt\\\/baender\\\/\",\"url\":\"https:\\\/\\\/www.lumavit.com\\\/de\\\/produkt\\\/baender\\\/\",\"name\":\"B\u00e4nder - LUMAVIT\",\"isPartOf\":{\"@id\":\"https:\\\/\\\/www.lumavit.com\\\/de\\\/#website\"},\"primaryImageOfPage\":{\"@id\":\"https:\\\/\\\/www.lumavit.com\\\/de\\\/produkt\\\/baender\\\/#primaryimage\"},\"image\":{\"@id\":\"https:\\\/\\\/www.lumavit.com\\\/de\\\/produkt\\\/baender\\\/#primaryimage\"},\"thumbnailUrl\":\"https:\\\/\\\/www.lumavit.com\\\/wp-content\\\/uploads\\\/2025\\\/03\\\/Lumavit-Bands.webp\",\"datePublished\":\"2025-03-03T21:44:17+00:00\",\"dateModified\":\"2026-01-18T11:05:50+00:00\",\"description\":\"Verbessern Sie Ihr Training zu Hause mit den Lumavit Sports B\u00e4ndern \u2013 vielseitige Widerstandsb\u00e4nder f\u00fcr Kraft-, Mobilit\u00e4ts- und Regenerations\u00fcbungen.\",\"breadcrumb\":{\"@id\":\"https:\\\/\\\/www.lumavit.com\\\/de\\\/produkt\\\/baender\\\/#breadcrumb\"},\"inLanguage\":\"de\",\"potentialAction\":[{\"@type\":\"ReadAction\",\"target\":[\"https:\\\/\\\/www.lumavit.com\\\/de\\\/produkt\\\/baender\\\/\"]}]},{\"@type\":\"ImageObject\",\"inLanguage\":\"de\",\"@id\":\"https:\\\/\\\/www.lumavit.com\\\/de\\\/produkt\\\/baender\\\/#primaryimage\",\"url\":\"https:\\\/\\\/www.lumavit.com\\\/wp-content\\\/uploads\\\/2025\\\/03\\\/Lumavit-Bands.webp\",\"contentUrl\":\"https:\\\/\\\/www.lumavit.com\\\/wp-content\\\/uploads\\\/2025\\\/03\\\/Lumavit-Bands.webp\",\"width\":1200,\"height\":1200},{\"@type\":\"BreadcrumbList\",\"@id\":\"https:\\\/\\\/www.lumavit.com\\\/de\\\/produkt\\\/baender\\\/#breadcrumb\",\"itemListElement\":[{\"@type\":\"ListItem\",\"position\":1,\"name\":\"Startseite\",\"item\":\"https:\\\/\\\/www.lumavit.com\\\/de\\\/red-and-nir-light-therapy\\\/\"},{\"@type\":\"ListItem\",\"position\":2,\"name\":\"Produkte\",\"item\":\"https:\\\/\\\/www.lumavit.com\\\/de\\\/shop\\\/\"},{\"@type\":\"ListItem\",\"position\":3,\"name\":\"B\u00e4nder\"}]},{\"@type\":\"WebSite\",\"@id\":\"https:\\\/\\\/www.lumavit.com\\\/de\\\/#website\",\"url\":\"https:\\\/\\\/www.lumavit.com\\\/de\\\/\",\"name\":\"LUMAVIT\",\"description\":\"Red Light Therapy Experts\",\"publisher\":{\"@id\":\"https:\\\/\\\/www.lumavit.com\\\/de\\\/#organization\"},\"potentialAction\":[{\"@type\":\"SearchAction\",\"target\":{\"@type\":\"EntryPoint\",\"urlTemplate\":\"https:\\\/\\\/www.lumavit.com\\\/de\\\/?s={search_term_string}\"},\"query-input\":{\"@type\":\"PropertyValueSpecification\",\"valueRequired\":true,\"valueName\":\"search_term_string\"}}],\"inLanguage\":\"de\"},{\"@type\":\"Organization\",\"@id\":\"https:\\\/\\\/www.lumavit.com\\\/de\\\/#organization\",\"name\":\"LUMAVIT\",\"url\":\"https:\\\/\\\/www.lumavit.com\\\/de\\\/\",\"logo\":{\"@type\":\"ImageObject\",\"inLanguage\":\"de\",\"@id\":\"https:\\\/\\\/www.lumavit.com\\\/de\\\/#\\\/schema\\\/logo\\\/image\\\/\",\"url\":\"https:\\\/\\\/www.lumavit.com\\\/wp-content\\\/uploads\\\/2023\\\/11\\\/cropped-lumavit-logo.png\",\"contentUrl\":\"https:\\\/\\\/www.lumavit.com\\\/wp-content\\\/uploads\\\/2023\\\/11\\\/cropped-lumavit-logo.png\",\"width\":315,\"height\":90,\"caption\":\"LUMAVIT\"},\"image\":{\"@id\":\"https:\\\/\\\/www.lumavit.com\\\/de\\\/#\\\/schema\\\/logo\\\/image\\\/\"},\"sameAs\":[\"https:\\\/\\\/www.linkedin.com\\\/company\\\/lumavit\\\/\"]}]}<\/script>\n<!-- \/ Yoast SEO Premium plugin. -->","yoast_head_json":{"title":"B\u00e4nder - LUMAVIT","description":"Verbessern Sie Ihr Training zu Hause mit den Lumavit Sports B\u00e4ndern \u2013 vielseitige Widerstandsb\u00e4nder f\u00fcr Kraft-, Mobilit\u00e4ts- und Regenerations\u00fcbungen.","robots":{"index":"index","follow":"follow","max-snippet":"max-snippet:-1","max-image-preview":"max-image-preview:large","max-video-preview":"max-video-preview:-1"},"canonical":"https:\/\/www.lumavit.com\/de\/produkt\/baender\/","og_locale":"de_DE","og_type":"article","og_title":"B\u00e4nder","og_description":"Verbessern Sie Ihr Training zu Hause mit den Lumavit Sports B\u00e4ndern \u2013 vielseitige Widerstandsb\u00e4nder f\u00fcr Kraft-, Mobilit\u00e4ts- und Regenerations\u00fcbungen.","og_url":"https:\/\/www.lumavit.com\/de\/produkt\/baender\/","og_site_name":"LUMAVIT","article_modified_time":"2026-01-18T11:05:50+00:00","og_image":[{"width":1200,"height":1200,"url":"https:\/\/www.lumavit.com\/wp-content\/uploads\/2025\/03\/Lumavit-Bands.webp","type":"image\/webp"}],"twitter_card":"summary_large_image","twitter_misc":{"Gesch\u00e4tzte Lesezeit":"1\u00a0Minute"},"schema":{"@context":"https:\/\/schema.org","@graph":[{"@type":"WebPage","@id":"https:\/\/www.lumavit.com\/de\/produkt\/baender\/","url":"https:\/\/www.lumavit.com\/de\/produkt\/baender\/","name":"B\u00e4nder - LUMAVIT","isPartOf":{"@id":"https:\/\/www.lumavit.com\/de\/#website"},"primaryImageOfPage":{"@id":"https:\/\/www.lumavit.com\/de\/produkt\/baender\/#primaryimage"},"image":{"@id":"https:\/\/www.lumavit.com\/de\/produkt\/baender\/#primaryimage"},"thumbnailUrl":"https:\/\/www.lumavit.com\/wp-content\/uploads\/2025\/03\/Lumavit-Bands.webp","datePublished":"2025-03-03T21:44:17+00:00","dateModified":"2026-01-18T11:05:50+00:00","description":"Verbessern Sie Ihr Training zu Hause mit den Lumavit Sports B\u00e4ndern \u2013 vielseitige Widerstandsb\u00e4nder f\u00fcr Kraft-, Mobilit\u00e4ts- und Regenerations\u00fcbungen.","breadcrumb":{"@id":"https:\/\/www.lumavit.com\/de\/produkt\/baender\/#breadcrumb"},"inLanguage":"de","potentialAction":[{"@type":"ReadAction","target":["https:\/\/www.lumavit.com\/de\/produkt\/baender\/"]}]},{"@type":"ImageObject","inLanguage":"de","@id":"https:\/\/www.lumavit.com\/de\/produkt\/baender\/#primaryimage","url":"https:\/\/www.lumavit.com\/wp-content\/uploads\/2025\/03\/Lumavit-Bands.webp","contentUrl":"https:\/\/www.lumavit.com\/wp-content\/uploads\/2025\/03\/Lumavit-Bands.webp","width":1200,"height":1200},{"@type":"BreadcrumbList","@id":"https:\/\/www.lumavit.com\/de\/produkt\/baender\/#breadcrumb","itemListElement":[{"@type":"ListItem","position":1,"name":"Startseite","item":"https:\/\/www.lumavit.com\/de\/red-and-nir-light-therapy\/"},{"@type":"ListItem","position":2,"name":"Produkte","item":"https:\/\/www.lumavit.com\/de\/shop\/"},{"@type":"ListItem","position":3,"name":"B\u00e4nder"}]},{"@type":"WebSite","@id":"https:\/\/www.lumavit.com\/de\/#website","url":"https:\/\/www.lumavit.com\/de\/","name":"LUMAVIT","description":"Red Light Therapy Experts","publisher":{"@id":"https:\/\/www.lumavit.com\/de\/#organization"},"potentialAction":[{"@type":"SearchAction","target":{"@type":"EntryPoint","urlTemplate":"https:\/\/www.lumavit.com\/de\/?s={search_term_string}"},"query-input":{"@type":"PropertyValueSpecification","valueRequired":true,"valueName":"search_term_string"}}],"inLanguage":"de"},{"@type":"Organization","@id":"https:\/\/www.lumavit.com\/de\/#organization","name":"LUMAVIT","url":"https:\/\/www.lumavit.com\/de\/","logo":{"@type":"ImageObject","inLanguage":"de","@id":"https:\/\/www.lumavit.com\/de\/#\/schema\/logo\/image\/","url":"https:\/\/www.lumavit.com\/wp-content\/uploads\/2023\/11\/cropped-lumavit-logo.png","contentUrl":"https:\/\/www.lumavit.com\/wp-content\/uploads\/2023\/11\/cropped-lumavit-logo.png","width":315,"height":90,"caption":"LUMAVIT"},"image":{"@id":"https:\/\/www.lumavit.com\/de\/#\/schema\/logo\/image\/"},"sameAs":["https:\/\/www.linkedin.com\/company\/lumavit\/"]}]}},"_links":{"self":[{"href":"https:\/\/www.lumavit.com\/de\/wp-json\/wp\/v2\/product\/7367","targetHints":{"allow":["GET"]}}],"collection":[{"href":"https:\/\/www.lumavit.com\/de\/wp-json\/wp\/v2\/product"}],"about":[{"href":"https:\/\/www.lumavit.com\/de\/wp-json\/wp\/v2\/types\/product"}],"replies":[{"embeddable":true,"href":"https:\/\/www.lumavit.com\/de\/wp-json\/wp\/v2\/comments?post=7367"}],"wp:featuredmedia":[{"embeddable":true,"href":"https:\/\/www.lumavit.com\/de\/wp-json\/wp\/v2\/media\/7245"}],"wp:attachment":[{"href":"https:\/\/www.lumavit.com\/de\/wp-json\/wp\/v2\/media?parent=7367"}],"wp:term":[{"taxonomy":"product_brand","embeddable":true,"href":"https:\/\/www.lumavit.com\/de\/wp-json\/wp\/v2\/product_brand?post=7367"},{"taxonomy":"product_cat","embeddable":true,"href":"https:\/\/www.lumavit.com\/de\/wp-json\/wp\/v2\/product_cat?post=7367"},{"taxonomy":"product_tag","embeddable":true,"href":"https:\/\/www.lumavit.com\/de\/wp-json\/wp\/v2\/product_tag?post=7367"}],"curies":[{"name":"wp","href":"https:\/\/api.w.org\/{rel}","templated":true}]}}