{"id":7368,"date":"2025-03-03T21:45:12","date_gmt":"2025-03-03T21:45:12","guid":{"rendered":"https:\/\/www.lumavit.com\/produkt\/home-set\/"},"modified":"2026-01-18T11:10:01","modified_gmt":"2026-01-18T11:10:01","slug":"bundle","status":"publish","type":"product","link":"https:\/\/www.lumavit.com\/de\/produkt\/bundle\/","title":{"rendered":"Home Set"},"content":{"rendered":"<p data-start=\"0\" data-end=\"73\"><strong>Ultimatives Rotlichttherapie-Set<\/strong><\/p>\n<p data-start=\"75\" data-end=\"331\">Erlebe die perfekte Kombination aus Leistung und Vielseitigkeit mit dem Lumavit Home One + Home Pro Set. Entwickelt f\u00fcr alle, die eine umfassende Rotlichttherapie suchen, bietet dieses Set fortschrittliche Ganzk\u00f6rper- und gezielte Behandlungen f\u00fcr optimale Ergebnisse. <\/p>\n<p data-start=\"333\" data-end=\"588\">Der Home One ist kompakt und dennoch leistungsstark \u2013 ideal f\u00fcr gezielte Therapiesitzungen. Der Home Pro bietet eine erweiterte Abdeckung, um Ihre Regeneration, Hautgesundheit und Ihr allgemeines Wohlbefinden zu f\u00f6rdern. Zusammen schaffen sie das ultimative Rotlichttherapie-Erlebnis. <\/p>\n","protected":false},"excerpt":{"rendered":"<p data-start=\"0\" data-end=\"73\"><strong>Ultimatives Rotlichttherapie-Set<\/strong><\/p>\n<p data-start=\"75\" data-end=\"331\">Erlebe die perfekte Kombination aus Leistung und Vielseitigkeit mit dem Lumavit Home One + Home Pro Set. Entwickelt f\u00fcr alle, die eine umfassende Rotlichttherapie suchen, bietet dieses Set fortschrittliche Ganzk\u00f6rper- und gezielte Behandlungen f\u00fcr optimale Ergebnisse. <\/p>\n<p data-start=\"333\" data-end=\"588\">Der Home One ist kompakt und dennoch leistungsstark \u2013 ideal f\u00fcr gezielte Therapiesitzungen. Der Home Pro bietet eine erweiterte Abdeckung, um Ihre Regeneration, Hautgesundheit und Ihr allgemeines Wohlbefinden zu f\u00f6rdern. Zusammen schaffen sie das ultimative Rotlichttherapie-Erlebnis. <\/p>\n<p>\u2714\ufe0f <strong data-start=\"461\" data-end=\"486\">Mehrere Wellenl\u00e4ngen<\/strong> \u2013 Kombiniert verschiedene Rot- und Nahinfrarot-Wellenl\u00e4ngen.<br data-start=\"575\" data-end=\"578\">\u2714\ufe0f <strong data-start=\"581\" data-end=\"603\">Kompakt &amp; leistungsstark <\/strong>\u2013 Ideal f\u00fcr Ganzk\u00f6rper- und Gesichtsbehandlungen.<br data-start=\"663\" data-end=\"666\">\u2714\ufe0f <strong data-start=\"669\" data-end=\"693\">Intuitive Touch-Bedienung<\/strong> \u2013 Passen Sie Intensit\u00e4t und Sitzungsmodi ganz einfach an.<\/p>\n","protected":false},"featured_media":7244,"comment_status":"closed","ping_status":"closed","template":"","meta":[],"product_brand":[],"product_cat":[116],"product_tag":[],"class_list":{"0":"post-7368","1":"product","2":"type-product","3":"status-publish","4":"has-post-thumbnail","6":"product_cat-home-set","8":"first","9":"instock","10":"taxable","11":"shipping-taxable","12":"purchasable","13":"product-type-simple"},"yoast_head":"<!-- This site is optimized with the Yoast SEO Premium plugin v26.2 (Yoast SEO v27.5) - https:\/\/yoast.com\/product\/yoast-seo-premium-wordpress\/ -->\n<title>Home Set - LUMAVIT<\/title>\n<meta name=\"description\" content=\"Erlebe die perfekte Synergie aus gezielter und Ganzk\u00f6rper-Rotlichttherapie mit dem Lumavit Home One &amp; Home Pro Bundle. Entwickelt f\u00fcr deine individuellen Bed\u00fcrfnisse.\" \/>\n<meta name=\"robots\" content=\"index, follow, max-snippet:-1, max-image-preview:large, max-video-preview:-1\" \/>\n<link rel=\"canonical\" href=\"https:\/\/www.lumavit.com\/de\/produkt\/bundle\/\" \/>\n<meta property=\"og:locale\" content=\"de_DE\" \/>\n<meta property=\"og:type\" content=\"article\" \/>\n<meta property=\"og:title\" content=\"Home Set\" \/>\n<meta property=\"og:description\" content=\"Erlebe die perfekte Synergie aus gezielter und Ganzk\u00f6rper-Rotlichttherapie mit dem Lumavit Home One &amp; Home Pro Bundle. Entwickelt f\u00fcr deine individuellen Bed\u00fcrfnisse.\" \/>\n<meta property=\"og:url\" content=\"https:\/\/www.lumavit.com\/de\/produkt\/bundle\/\" \/>\n<meta property=\"og:site_name\" content=\"LUMAVIT\" \/>\n<meta property=\"article:modified_time\" content=\"2026-01-18T11:10:01+00:00\" \/>\n<meta property=\"og:image\" content=\"https:\/\/www.lumavit.com\/wp-content\/uploads\/2025\/03\/Bundle.webp\" \/>\n\t<meta property=\"og:image:width\" content=\"1200\" \/>\n\t<meta property=\"og:image:height\" content=\"1200\" \/>\n\t<meta property=\"og:image:type\" content=\"image\/webp\" \/>\n<meta name=\"twitter:card\" content=\"summary_large_image\" \/>\n<script type=\"application\/ld+json\" class=\"yoast-schema-graph\">{\"@context\":\"https:\\\/\\\/schema.org\",\"@graph\":[{\"@type\":\"WebPage\",\"@id\":\"https:\\\/\\\/www.lumavit.com\\\/de\\\/produkt\\\/bundle\\\/\",\"url\":\"https:\\\/\\\/www.lumavit.com\\\/de\\\/produkt\\\/bundle\\\/\",\"name\":\"Home Set - LUMAVIT\",\"isPartOf\":{\"@id\":\"https:\\\/\\\/www.lumavit.com\\\/de\\\/#website\"},\"primaryImageOfPage\":{\"@id\":\"https:\\\/\\\/www.lumavit.com\\\/de\\\/produkt\\\/bundle\\\/#primaryimage\"},\"image\":{\"@id\":\"https:\\\/\\\/www.lumavit.com\\\/de\\\/produkt\\\/bundle\\\/#primaryimage\"},\"thumbnailUrl\":\"https:\\\/\\\/www.lumavit.com\\\/wp-content\\\/uploads\\\/2025\\\/03\\\/Bundle.webp\",\"datePublished\":\"2025-03-03T21:45:12+00:00\",\"dateModified\":\"2026-01-18T11:10:01+00:00\",\"description\":\"Erlebe die perfekte Synergie aus gezielter und Ganzk\u00f6rper-Rotlichttherapie mit dem Lumavit Home One & Home Pro Bundle. Entwickelt f\u00fcr deine individuellen Bed\u00fcrfnisse.\",\"breadcrumb\":{\"@id\":\"https:\\\/\\\/www.lumavit.com\\\/de\\\/produkt\\\/bundle\\\/#breadcrumb\"},\"inLanguage\":\"de\",\"potentialAction\":[{\"@type\":\"ReadAction\",\"target\":[\"https:\\\/\\\/www.lumavit.com\\\/de\\\/produkt\\\/bundle\\\/\"]}]},{\"@type\":\"ImageObject\",\"inLanguage\":\"de\",\"@id\":\"https:\\\/\\\/www.lumavit.com\\\/de\\\/produkt\\\/bundle\\\/#primaryimage\",\"url\":\"https:\\\/\\\/www.lumavit.com\\\/wp-content\\\/uploads\\\/2025\\\/03\\\/Bundle.webp\",\"contentUrl\":\"https:\\\/\\\/www.lumavit.com\\\/wp-content\\\/uploads\\\/2025\\\/03\\\/Bundle.webp\",\"width\":1200,\"height\":1200},{\"@type\":\"BreadcrumbList\",\"@id\":\"https:\\\/\\\/www.lumavit.com\\\/de\\\/produkt\\\/bundle\\\/#breadcrumb\",\"itemListElement\":[{\"@type\":\"ListItem\",\"position\":1,\"name\":\"Startseite\",\"item\":\"https:\\\/\\\/www.lumavit.com\\\/de\\\/red-and-nir-light-therapy\\\/\"},{\"@type\":\"ListItem\",\"position\":2,\"name\":\"Produkte\",\"item\":\"https:\\\/\\\/www.lumavit.com\\\/de\\\/shop\\\/\"},{\"@type\":\"ListItem\",\"position\":3,\"name\":\"Home Set\"}]},{\"@type\":\"WebSite\",\"@id\":\"https:\\\/\\\/www.lumavit.com\\\/de\\\/#website\",\"url\":\"https:\\\/\\\/www.lumavit.com\\\/de\\\/\",\"name\":\"LUMAVIT\",\"description\":\"Red Light Therapy Experts\",\"publisher\":{\"@id\":\"https:\\\/\\\/www.lumavit.com\\\/de\\\/#organization\"},\"potentialAction\":[{\"@type\":\"SearchAction\",\"target\":{\"@type\":\"EntryPoint\",\"urlTemplate\":\"https:\\\/\\\/www.lumavit.com\\\/de\\\/?s={search_term_string}\"},\"query-input\":{\"@type\":\"PropertyValueSpecification\",\"valueRequired\":true,\"valueName\":\"search_term_string\"}}],\"inLanguage\":\"de\"},{\"@type\":\"Organization\",\"@id\":\"https:\\\/\\\/www.lumavit.com\\\/de\\\/#organization\",\"name\":\"LUMAVIT\",\"url\":\"https:\\\/\\\/www.lumavit.com\\\/de\\\/\",\"logo\":{\"@type\":\"ImageObject\",\"inLanguage\":\"de\",\"@id\":\"https:\\\/\\\/www.lumavit.com\\\/de\\\/#\\\/schema\\\/logo\\\/image\\\/\",\"url\":\"https:\\\/\\\/www.lumavit.com\\\/wp-content\\\/uploads\\\/2023\\\/11\\\/cropped-lumavit-logo.png\",\"contentUrl\":\"https:\\\/\\\/www.lumavit.com\\\/wp-content\\\/uploads\\\/2023\\\/11\\\/cropped-lumavit-logo.png\",\"width\":315,\"height\":90,\"caption\":\"LUMAVIT\"},\"image\":{\"@id\":\"https:\\\/\\\/www.lumavit.com\\\/de\\\/#\\\/schema\\\/logo\\\/image\\\/\"},\"sameAs\":[\"https:\\\/\\\/www.linkedin.com\\\/company\\\/lumavit\\\/\"]}]}<\/script>\n<!-- \/ Yoast SEO Premium plugin. -->","yoast_head_json":{"title":"Home Set - LUMAVIT","description":"Erlebe die perfekte Synergie aus gezielter und Ganzk\u00f6rper-Rotlichttherapie mit dem Lumavit Home One & Home Pro Bundle. Entwickelt f\u00fcr deine individuellen Bed\u00fcrfnisse.","robots":{"index":"index","follow":"follow","max-snippet":"max-snippet:-1","max-image-preview":"max-image-preview:large","max-video-preview":"max-video-preview:-1"},"canonical":"https:\/\/www.lumavit.com\/de\/produkt\/bundle\/","og_locale":"de_DE","og_type":"article","og_title":"Home Set","og_description":"Erlebe die perfekte Synergie aus gezielter und Ganzk\u00f6rper-Rotlichttherapie mit dem Lumavit Home One & Home Pro Bundle. Entwickelt f\u00fcr deine individuellen Bed\u00fcrfnisse.","og_url":"https:\/\/www.lumavit.com\/de\/produkt\/bundle\/","og_site_name":"LUMAVIT","article_modified_time":"2026-01-18T11:10:01+00:00","og_image":[{"width":1200,"height":1200,"url":"https:\/\/www.lumavit.com\/wp-content\/uploads\/2025\/03\/Bundle.webp","type":"image\/webp"}],"twitter_card":"summary_large_image","schema":{"@context":"https:\/\/schema.org","@graph":[{"@type":"WebPage","@id":"https:\/\/www.lumavit.com\/de\/produkt\/bundle\/","url":"https:\/\/www.lumavit.com\/de\/produkt\/bundle\/","name":"Home Set - LUMAVIT","isPartOf":{"@id":"https:\/\/www.lumavit.com\/de\/#website"},"primaryImageOfPage":{"@id":"https:\/\/www.lumavit.com\/de\/produkt\/bundle\/#primaryimage"},"image":{"@id":"https:\/\/www.lumavit.com\/de\/produkt\/bundle\/#primaryimage"},"thumbnailUrl":"https:\/\/www.lumavit.com\/wp-content\/uploads\/2025\/03\/Bundle.webp","datePublished":"2025-03-03T21:45:12+00:00","dateModified":"2026-01-18T11:10:01+00:00","description":"Erlebe die perfekte Synergie aus gezielter und Ganzk\u00f6rper-Rotlichttherapie mit dem Lumavit Home One & Home Pro Bundle. Entwickelt f\u00fcr deine individuellen Bed\u00fcrfnisse.","breadcrumb":{"@id":"https:\/\/www.lumavit.com\/de\/produkt\/bundle\/#breadcrumb"},"inLanguage":"de","potentialAction":[{"@type":"ReadAction","target":["https:\/\/www.lumavit.com\/de\/produkt\/bundle\/"]}]},{"@type":"ImageObject","inLanguage":"de","@id":"https:\/\/www.lumavit.com\/de\/produkt\/bundle\/#primaryimage","url":"https:\/\/www.lumavit.com\/wp-content\/uploads\/2025\/03\/Bundle.webp","contentUrl":"https:\/\/www.lumavit.com\/wp-content\/uploads\/2025\/03\/Bundle.webp","width":1200,"height":1200},{"@type":"BreadcrumbList","@id":"https:\/\/www.lumavit.com\/de\/produkt\/bundle\/#breadcrumb","itemListElement":[{"@type":"ListItem","position":1,"name":"Startseite","item":"https:\/\/www.lumavit.com\/de\/red-and-nir-light-therapy\/"},{"@type":"ListItem","position":2,"name":"Produkte","item":"https:\/\/www.lumavit.com\/de\/shop\/"},{"@type":"ListItem","position":3,"name":"Home Set"}]},{"@type":"WebSite","@id":"https:\/\/www.lumavit.com\/de\/#website","url":"https:\/\/www.lumavit.com\/de\/","name":"LUMAVIT","description":"Red Light Therapy Experts","publisher":{"@id":"https:\/\/www.lumavit.com\/de\/#organization"},"potentialAction":[{"@type":"SearchAction","target":{"@type":"EntryPoint","urlTemplate":"https:\/\/www.lumavit.com\/de\/?s={search_term_string}"},"query-input":{"@type":"PropertyValueSpecification","valueRequired":true,"valueName":"search_term_string"}}],"inLanguage":"de"},{"@type":"Organization","@id":"https:\/\/www.lumavit.com\/de\/#organization","name":"LUMAVIT","url":"https:\/\/www.lumavit.com\/de\/","logo":{"@type":"ImageObject","inLanguage":"de","@id":"https:\/\/www.lumavit.com\/de\/#\/schema\/logo\/image\/","url":"https:\/\/www.lumavit.com\/wp-content\/uploads\/2023\/11\/cropped-lumavit-logo.png","contentUrl":"https:\/\/www.lumavit.com\/wp-content\/uploads\/2023\/11\/cropped-lumavit-logo.png","width":315,"height":90,"caption":"LUMAVIT"},"image":{"@id":"https:\/\/www.lumavit.com\/de\/#\/schema\/logo\/image\/"},"sameAs":["https:\/\/www.linkedin.com\/company\/lumavit\/"]}]}},"_links":{"self":[{"href":"https:\/\/www.lumavit.com\/de\/wp-json\/wp\/v2\/product\/7368","targetHints":{"allow":["GET"]}}],"collection":[{"href":"https:\/\/www.lumavit.com\/de\/wp-json\/wp\/v2\/product"}],"about":[{"href":"https:\/\/www.lumavit.com\/de\/wp-json\/wp\/v2\/types\/product"}],"replies":[{"embeddable":true,"href":"https:\/\/www.lumavit.com\/de\/wp-json\/wp\/v2\/comments?post=7368"}],"wp:featuredmedia":[{"embeddable":true,"href":"https:\/\/www.lumavit.com\/de\/wp-json\/wp\/v2\/media\/7244"}],"wp:attachment":[{"href":"https:\/\/www.lumavit.com\/de\/wp-json\/wp\/v2\/media?parent=7368"}],"wp:term":[{"taxonomy":"product_brand","embeddable":true,"href":"https:\/\/www.lumavit.com\/de\/wp-json\/wp\/v2\/product_brand?post=7368"},{"taxonomy":"product_cat","embeddable":true,"href":"https:\/\/www.lumavit.com\/de\/wp-json\/wp\/v2\/product_cat?post=7368"},{"taxonomy":"product_tag","embeddable":true,"href":"https:\/\/www.lumavit.com\/de\/wp-json\/wp\/v2\/product_tag?post=7368"}],"curies":[{"name":"wp","href":"https:\/\/api.w.org\/{rel}","templated":true}]}}