{"id":7369,"date":"2024-10-10T08:07:33","date_gmt":"2024-10-10T08:07:33","guid":{"rendered":"https:\/\/www.lumavit.com\/produkt\/lumavit-studio\/"},"modified":"2026-01-18T11:05:15","modified_gmt":"2026-01-18T11:05:15","slug":"lumavit-studio","status":"publish","type":"product","link":"https:\/\/www.lumavit.com\/de\/produkt\/lumavit-studio\/","title":{"rendered":"Studio"},"content":{"rendered":"<p>Das Lumavit Studio ist unser leistungsst\u00e4rkstes Ger\u00e4t und f\u00fcr eine umfassende Ganzk\u00f6rperbehandlung konzipiert. Es bietet maximale Rotlichtintensit\u00e4t und sorgt f\u00fcr eine tiefgehende, effektive Wirkung \u2013 f\u00fcr optimale Ergebnisse. Ideal f\u00fcr alle, die das Beste aus der Rotlichttherapie herausholen m\u00f6chten, vereint es beeindruckende Power und vollst\u00e4ndige K\u00f6rperbeleuchtung in einem eleganten Ger\u00e4t.  <\/p>\n","protected":false},"excerpt":{"rendered":"<p>Das Lumavit Studio ist unser leistungsst\u00e4rkstes Ger\u00e4t und f\u00fcr eine umfassende Ganzk\u00f6rperbehandlung konzipiert. Es bietet maximale Rotlichtintensit\u00e4t und sorgt f\u00fcr eine tiefgehende, effektive Wirkung \u2013 f\u00fcr optimale Ergebnisse. Ideal f\u00fcr alle, die das Beste aus der Rotlichttherapie herausholen m\u00f6chten, vereint es beeindruckende Power und vollst\u00e4ndige K\u00f6rperbeleuchtung in einem eleganten Ger\u00e4t.  <\/p>\n<p>\u2714\ufe0f <strong data-start=\"461\" data-end=\"486\">Mehrere Wellenl\u00e4ngen<\/strong> \u2013 Kombiniert verschiedene Rot- und Nahinfrarot-Wellenl\u00e4ngen.<br data-start=\"575\" data-end=\"578\">\u2714\ufe0f <strong data-start=\"581\" data-end=\"603\">Robust &amp; leistungsstark<\/strong> \u2013 Ideal f\u00fcr professionelle Ganzk\u00f6rperbehandlungen.<br data-start=\"663\" data-end=\"666\">\u2714\ufe0f <strong data-start=\"669\" data-end=\"693\">Intuitive Touch-Bedienung<\/strong> \u2013 Passen Sie Intensit\u00e4t und Sitzungsmodi ganz einfach an.<\/p>\n","protected":false},"featured_media":7177,"comment_status":"closed","ping_status":"closed","template":"","meta":[],"product_brand":[],"product_cat":[117],"product_tag":[],"class_list":{"0":"post-7369","1":"product","2":"type-product","3":"status-publish","4":"has-post-thumbnail","6":"product_cat-studio-de","8":"first","9":"instock","10":"taxable","11":"shipping-taxable","12":"purchasable","13":"product-type-simple"},"yoast_head":"<!-- This site is optimized with the Yoast SEO Premium plugin v26.2 (Yoast SEO v27.5) - https:\/\/yoast.com\/product\/yoast-seo-premium-wordpress\/ -->\n<title>Studio - LUMAVIT<\/title>\n<meta name=\"description\" content=\"Erlebe die Kraftpaket-Rotlichttherapie mit dem Lumavit Studio. Entwickelt f\u00fcr maximale Wirkung \u2013 tiefgehende Zellregeneration und Spitzenleistung.\" \/>\n<meta name=\"robots\" content=\"index, follow, max-snippet:-1, max-image-preview:large, max-video-preview:-1\" \/>\n<link rel=\"canonical\" href=\"https:\/\/www.lumavit.com\/de\/produkt\/lumavit-studio\/\" \/>\n<meta property=\"og:locale\" content=\"de_DE\" \/>\n<meta property=\"og:type\" content=\"article\" \/>\n<meta property=\"og:title\" content=\"Studio\" \/>\n<meta property=\"og:description\" content=\"Erlebe die Kraftpaket-Rotlichttherapie mit dem Lumavit Studio. Entwickelt f\u00fcr maximale Wirkung \u2013 tiefgehende Zellregeneration und Spitzenleistung.\" \/>\n<meta property=\"og:url\" content=\"https:\/\/www.lumavit.com\/de\/produkt\/lumavit-studio\/\" \/>\n<meta property=\"og:site_name\" content=\"LUMAVIT\" \/>\n<meta property=\"article:modified_time\" content=\"2026-01-18T11:05:15+00:00\" \/>\n<meta property=\"og:image\" content=\"https:\/\/www.lumavit.com\/wp-content\/uploads\/2025\/03\/Lumavit-Studio.webp\" \/>\n\t<meta property=\"og:image:width\" content=\"1200\" \/>\n\t<meta property=\"og:image:height\" content=\"1200\" \/>\n\t<meta property=\"og:image:type\" content=\"image\/webp\" \/>\n<meta name=\"twitter:card\" content=\"summary_large_image\" \/>\n<script type=\"application\/ld+json\" class=\"yoast-schema-graph\">{\"@context\":\"https:\\\/\\\/schema.org\",\"@graph\":[{\"@type\":\"WebPage\",\"@id\":\"https:\\\/\\\/www.lumavit.com\\\/de\\\/produkt\\\/lumavit-studio\\\/\",\"url\":\"https:\\\/\\\/www.lumavit.com\\\/de\\\/produkt\\\/lumavit-studio\\\/\",\"name\":\"Studio - LUMAVIT\",\"isPartOf\":{\"@id\":\"https:\\\/\\\/www.lumavit.com\\\/de\\\/#website\"},\"primaryImageOfPage\":{\"@id\":\"https:\\\/\\\/www.lumavit.com\\\/de\\\/produkt\\\/lumavit-studio\\\/#primaryimage\"},\"image\":{\"@id\":\"https:\\\/\\\/www.lumavit.com\\\/de\\\/produkt\\\/lumavit-studio\\\/#primaryimage\"},\"thumbnailUrl\":\"https:\\\/\\\/www.lumavit.com\\\/wp-content\\\/uploads\\\/2025\\\/03\\\/Lumavit-Studio.webp\",\"datePublished\":\"2024-10-10T08:07:33+00:00\",\"dateModified\":\"2026-01-18T11:05:15+00:00\",\"description\":\"Erlebe die Kraftpaket-Rotlichttherapie mit dem Lumavit Studio. Entwickelt f\u00fcr maximale Wirkung \u2013 tiefgehende Zellregeneration und Spitzenleistung.\",\"breadcrumb\":{\"@id\":\"https:\\\/\\\/www.lumavit.com\\\/de\\\/produkt\\\/lumavit-studio\\\/#breadcrumb\"},\"inLanguage\":\"de\",\"potentialAction\":[{\"@type\":\"ReadAction\",\"target\":[\"https:\\\/\\\/www.lumavit.com\\\/de\\\/produkt\\\/lumavit-studio\\\/\"]}]},{\"@type\":\"ImageObject\",\"inLanguage\":\"de\",\"@id\":\"https:\\\/\\\/www.lumavit.com\\\/de\\\/produkt\\\/lumavit-studio\\\/#primaryimage\",\"url\":\"https:\\\/\\\/www.lumavit.com\\\/wp-content\\\/uploads\\\/2025\\\/03\\\/Lumavit-Studio.webp\",\"contentUrl\":\"https:\\\/\\\/www.lumavit.com\\\/wp-content\\\/uploads\\\/2025\\\/03\\\/Lumavit-Studio.webp\",\"width\":1200,\"height\":1200},{\"@type\":\"BreadcrumbList\",\"@id\":\"https:\\\/\\\/www.lumavit.com\\\/de\\\/produkt\\\/lumavit-studio\\\/#breadcrumb\",\"itemListElement\":[{\"@type\":\"ListItem\",\"position\":1,\"name\":\"Startseite\",\"item\":\"https:\\\/\\\/www.lumavit.com\\\/de\\\/red-and-nir-light-therapy\\\/\"},{\"@type\":\"ListItem\",\"position\":2,\"name\":\"Produkte\",\"item\":\"https:\\\/\\\/www.lumavit.com\\\/de\\\/shop\\\/\"},{\"@type\":\"ListItem\",\"position\":3,\"name\":\"Studio\"}]},{\"@type\":\"WebSite\",\"@id\":\"https:\\\/\\\/www.lumavit.com\\\/de\\\/#website\",\"url\":\"https:\\\/\\\/www.lumavit.com\\\/de\\\/\",\"name\":\"LUMAVIT\",\"description\":\"Red Light Therapy Experts\",\"publisher\":{\"@id\":\"https:\\\/\\\/www.lumavit.com\\\/de\\\/#organization\"},\"potentialAction\":[{\"@type\":\"SearchAction\",\"target\":{\"@type\":\"EntryPoint\",\"urlTemplate\":\"https:\\\/\\\/www.lumavit.com\\\/de\\\/?s={search_term_string}\"},\"query-input\":{\"@type\":\"PropertyValueSpecification\",\"valueRequired\":true,\"valueName\":\"search_term_string\"}}],\"inLanguage\":\"de\"},{\"@type\":\"Organization\",\"@id\":\"https:\\\/\\\/www.lumavit.com\\\/de\\\/#organization\",\"name\":\"LUMAVIT\",\"url\":\"https:\\\/\\\/www.lumavit.com\\\/de\\\/\",\"logo\":{\"@type\":\"ImageObject\",\"inLanguage\":\"de\",\"@id\":\"https:\\\/\\\/www.lumavit.com\\\/de\\\/#\\\/schema\\\/logo\\\/image\\\/\",\"url\":\"https:\\\/\\\/www.lumavit.com\\\/wp-content\\\/uploads\\\/2023\\\/11\\\/cropped-lumavit-logo.png\",\"contentUrl\":\"https:\\\/\\\/www.lumavit.com\\\/wp-content\\\/uploads\\\/2023\\\/11\\\/cropped-lumavit-logo.png\",\"width\":315,\"height\":90,\"caption\":\"LUMAVIT\"},\"image\":{\"@id\":\"https:\\\/\\\/www.lumavit.com\\\/de\\\/#\\\/schema\\\/logo\\\/image\\\/\"},\"sameAs\":[\"https:\\\/\\\/www.linkedin.com\\\/company\\\/lumavit\\\/\"]}]}<\/script>\n<!-- \/ Yoast SEO Premium plugin. -->","yoast_head_json":{"title":"Studio - LUMAVIT","description":"Erlebe die Kraftpaket-Rotlichttherapie mit dem Lumavit Studio. Entwickelt f\u00fcr maximale Wirkung \u2013 tiefgehende Zellregeneration und Spitzenleistung.","robots":{"index":"index","follow":"follow","max-snippet":"max-snippet:-1","max-image-preview":"max-image-preview:large","max-video-preview":"max-video-preview:-1"},"canonical":"https:\/\/www.lumavit.com\/de\/produkt\/lumavit-studio\/","og_locale":"de_DE","og_type":"article","og_title":"Studio","og_description":"Erlebe die Kraftpaket-Rotlichttherapie mit dem Lumavit Studio. Entwickelt f\u00fcr maximale Wirkung \u2013 tiefgehende Zellregeneration und Spitzenleistung.","og_url":"https:\/\/www.lumavit.com\/de\/produkt\/lumavit-studio\/","og_site_name":"LUMAVIT","article_modified_time":"2026-01-18T11:05:15+00:00","og_image":[{"width":1200,"height":1200,"url":"https:\/\/www.lumavit.com\/wp-content\/uploads\/2025\/03\/Lumavit-Studio.webp","type":"image\/webp"}],"twitter_card":"summary_large_image","schema":{"@context":"https:\/\/schema.org","@graph":[{"@type":"WebPage","@id":"https:\/\/www.lumavit.com\/de\/produkt\/lumavit-studio\/","url":"https:\/\/www.lumavit.com\/de\/produkt\/lumavit-studio\/","name":"Studio - LUMAVIT","isPartOf":{"@id":"https:\/\/www.lumavit.com\/de\/#website"},"primaryImageOfPage":{"@id":"https:\/\/www.lumavit.com\/de\/produkt\/lumavit-studio\/#primaryimage"},"image":{"@id":"https:\/\/www.lumavit.com\/de\/produkt\/lumavit-studio\/#primaryimage"},"thumbnailUrl":"https:\/\/www.lumavit.com\/wp-content\/uploads\/2025\/03\/Lumavit-Studio.webp","datePublished":"2024-10-10T08:07:33+00:00","dateModified":"2026-01-18T11:05:15+00:00","description":"Erlebe die Kraftpaket-Rotlichttherapie mit dem Lumavit Studio. Entwickelt f\u00fcr maximale Wirkung \u2013 tiefgehende Zellregeneration und Spitzenleistung.","breadcrumb":{"@id":"https:\/\/www.lumavit.com\/de\/produkt\/lumavit-studio\/#breadcrumb"},"inLanguage":"de","potentialAction":[{"@type":"ReadAction","target":["https:\/\/www.lumavit.com\/de\/produkt\/lumavit-studio\/"]}]},{"@type":"ImageObject","inLanguage":"de","@id":"https:\/\/www.lumavit.com\/de\/produkt\/lumavit-studio\/#primaryimage","url":"https:\/\/www.lumavit.com\/wp-content\/uploads\/2025\/03\/Lumavit-Studio.webp","contentUrl":"https:\/\/www.lumavit.com\/wp-content\/uploads\/2025\/03\/Lumavit-Studio.webp","width":1200,"height":1200},{"@type":"BreadcrumbList","@id":"https:\/\/www.lumavit.com\/de\/produkt\/lumavit-studio\/#breadcrumb","itemListElement":[{"@type":"ListItem","position":1,"name":"Startseite","item":"https:\/\/www.lumavit.com\/de\/red-and-nir-light-therapy\/"},{"@type":"ListItem","position":2,"name":"Produkte","item":"https:\/\/www.lumavit.com\/de\/shop\/"},{"@type":"ListItem","position":3,"name":"Studio"}]},{"@type":"WebSite","@id":"https:\/\/www.lumavit.com\/de\/#website","url":"https:\/\/www.lumavit.com\/de\/","name":"LUMAVIT","description":"Red Light Therapy Experts","publisher":{"@id":"https:\/\/www.lumavit.com\/de\/#organization"},"potentialAction":[{"@type":"SearchAction","target":{"@type":"EntryPoint","urlTemplate":"https:\/\/www.lumavit.com\/de\/?s={search_term_string}"},"query-input":{"@type":"PropertyValueSpecification","valueRequired":true,"valueName":"search_term_string"}}],"inLanguage":"de"},{"@type":"Organization","@id":"https:\/\/www.lumavit.com\/de\/#organization","name":"LUMAVIT","url":"https:\/\/www.lumavit.com\/de\/","logo":{"@type":"ImageObject","inLanguage":"de","@id":"https:\/\/www.lumavit.com\/de\/#\/schema\/logo\/image\/","url":"https:\/\/www.lumavit.com\/wp-content\/uploads\/2023\/11\/cropped-lumavit-logo.png","contentUrl":"https:\/\/www.lumavit.com\/wp-content\/uploads\/2023\/11\/cropped-lumavit-logo.png","width":315,"height":90,"caption":"LUMAVIT"},"image":{"@id":"https:\/\/www.lumavit.com\/de\/#\/schema\/logo\/image\/"},"sameAs":["https:\/\/www.linkedin.com\/company\/lumavit\/"]}]}},"_links":{"self":[{"href":"https:\/\/www.lumavit.com\/de\/wp-json\/wp\/v2\/product\/7369","targetHints":{"allow":["GET"]}}],"collection":[{"href":"https:\/\/www.lumavit.com\/de\/wp-json\/wp\/v2\/product"}],"about":[{"href":"https:\/\/www.lumavit.com\/de\/wp-json\/wp\/v2\/types\/product"}],"replies":[{"embeddable":true,"href":"https:\/\/www.lumavit.com\/de\/wp-json\/wp\/v2\/comments?post=7369"}],"wp:featuredmedia":[{"embeddable":true,"href":"https:\/\/www.lumavit.com\/de\/wp-json\/wp\/v2\/media\/7177"}],"wp:attachment":[{"href":"https:\/\/www.lumavit.com\/de\/wp-json\/wp\/v2\/media?parent=7369"}],"wp:term":[{"taxonomy":"product_brand","embeddable":true,"href":"https:\/\/www.lumavit.com\/de\/wp-json\/wp\/v2\/product_brand?post=7369"},{"taxonomy":"product_cat","embeddable":true,"href":"https:\/\/www.lumavit.com\/de\/wp-json\/wp\/v2\/product_cat?post=7369"},{"taxonomy":"product_tag","embeddable":true,"href":"https:\/\/www.lumavit.com\/de\/wp-json\/wp\/v2\/product_tag?post=7369"}],"curies":[{"name":"wp","href":"https:\/\/api.w.org\/{rel}","templated":true}]}}