{"id":7370,"date":"2023-11-27T10:12:16","date_gmt":"2023-11-27T10:12:16","guid":{"rendered":"https:\/\/www.lumavit.com\/produkt\/lumavit-home-pro\/"},"modified":"2026-01-18T11:04:26","modified_gmt":"2026-01-18T11:04:26","slug":"lumavit-home-pro","status":"publish","type":"product","link":"https:\/\/www.lumavit.com\/de\/produkt\/lumavit-home-pro\/","title":{"rendered":"Home Pro"},"content":{"rendered":"<p>Home Pro ist unser gr\u00f6\u00dftes Ger\u00e4t f\u00fcr den Heimgebrauch und ideal f\u00fcr die Ganzk\u00f6rper-Rotlichttherapie. Es bietet umfassende Abdeckung und tiefgehende Penetration f\u00fcr effektive Ergebnisse. Perfekt f\u00fcr den Alltag zu Hause vereint Lumavit Home Pro Gr\u00f6\u00dfe und Intensit\u00e4t f\u00fcr dein t\u00e4gliches Wohlbefinden.  <\/p>\n","protected":false},"excerpt":{"rendered":"<p>Home Pro ist unser gr\u00f6\u00dftes Ger\u00e4t f\u00fcr den Heimgebrauch und ideal f\u00fcr die Ganzk\u00f6rper-Rotlichttherapie. Es bietet umfassende Abdeckung und tiefgehende Penetration f\u00fcr effektive Ergebnisse. Perfekt f\u00fcr den Alltag zu Hause vereint Lumavit Home Pro Gr\u00f6\u00dfe und Intensit\u00e4t f\u00fcr dein t\u00e4gliches Wohlbefinden.  <\/p>\n<p>\u2714\ufe0f <strong data-start=\"461\" data-end=\"486\">Mehrere Wellenl\u00e4ngen<\/strong> \u2013 Kombiniert verschiedene Rot- und Nahinfrarot-Wellenl\u00e4ngen.<br data-start=\"575\" data-end=\"578\">\u2714\ufe0f <strong data-start=\"581\" data-end=\"603\">Robust &amp; leistungsstark<\/strong> \u2013 Ideal f\u00fcr professionelle Ganzk\u00f6rperbehandlungen.<br data-start=\"663\" data-end=\"666\">\u2714\ufe0f <strong data-start=\"669\" data-end=\"693\">Intuitive Touch-Bedienung<\/strong> \u2013 Passe Intensit\u00e4t und Sitzungsmodi ganz einfach an.<\/p>\n","protected":false},"featured_media":7176,"comment_status":"closed","ping_status":"closed","template":"","meta":[],"product_brand":[],"product_cat":[118,119],"product_tag":[],"class_list":{"0":"post-7370","1":"product","2":"type-product","3":"status-publish","4":"has-post-thumbnail","6":"product_cat-home-serie","7":"product_cat-home-pro-de","9":"first","10":"instock","11":"taxable","12":"shipping-taxable","13":"purchasable","14":"product-type-simple"},"yoast_head":"<!-- This site is optimized with the Yoast SEO Premium plugin v26.2 (Yoast SEO v27.5) - https:\/\/yoast.com\/product\/yoast-seo-premium-wordpress\/ -->\n<title>Home Pro - LUMAVIT<\/title>\n<meta name=\"description\" content=\"Erlebe professionelle Rotlichttherapie f\u00fcr zu Hause mit dem Lumavit Home Pro \u2013 ausgestattet mit moderner Multi-Wellenl\u00e4ngen-Technologie.\" \/>\n<meta name=\"robots\" content=\"index, follow, max-snippet:-1, max-image-preview:large, max-video-preview:-1\" \/>\n<link rel=\"canonical\" href=\"https:\/\/www.lumavit.com\/de\/produkt\/lumavit-home-pro\/\" \/>\n<meta property=\"og:locale\" content=\"de_DE\" \/>\n<meta property=\"og:type\" content=\"article\" \/>\n<meta property=\"og:title\" content=\"Home Pro\" \/>\n<meta property=\"og:description\" content=\"Erlebe professionelle Rotlichttherapie f\u00fcr zu Hause mit dem Lumavit Home Pro \u2013 ausgestattet mit moderner Multi-Wellenl\u00e4ngen-Technologie.\" \/>\n<meta property=\"og:url\" content=\"https:\/\/www.lumavit.com\/de\/produkt\/lumavit-home-pro\/\" \/>\n<meta property=\"og:site_name\" content=\"LUMAVIT\" \/>\n<meta property=\"article:modified_time\" content=\"2026-01-18T11:04:26+00:00\" \/>\n<meta property=\"og:image\" content=\"https:\/\/www.lumavit.com\/wp-content\/uploads\/2025\/03\/Home-Pro.webp\" \/>\n\t<meta property=\"og:image:width\" content=\"1200\" \/>\n\t<meta property=\"og:image:height\" content=\"1200\" \/>\n\t<meta property=\"og:image:type\" content=\"image\/webp\" \/>\n<meta name=\"twitter:card\" content=\"summary_large_image\" \/>\n<script type=\"application\/ld+json\" class=\"yoast-schema-graph\">{\"@context\":\"https:\\\/\\\/schema.org\",\"@graph\":[{\"@type\":\"WebPage\",\"@id\":\"https:\\\/\\\/www.lumavit.com\\\/de\\\/produkt\\\/lumavit-home-pro\\\/\",\"url\":\"https:\\\/\\\/www.lumavit.com\\\/de\\\/produkt\\\/lumavit-home-pro\\\/\",\"name\":\"Home Pro - LUMAVIT\",\"isPartOf\":{\"@id\":\"https:\\\/\\\/www.lumavit.com\\\/de\\\/#website\"},\"primaryImageOfPage\":{\"@id\":\"https:\\\/\\\/www.lumavit.com\\\/de\\\/produkt\\\/lumavit-home-pro\\\/#primaryimage\"},\"image\":{\"@id\":\"https:\\\/\\\/www.lumavit.com\\\/de\\\/produkt\\\/lumavit-home-pro\\\/#primaryimage\"},\"thumbnailUrl\":\"https:\\\/\\\/www.lumavit.com\\\/wp-content\\\/uploads\\\/2025\\\/03\\\/Home-Pro.webp\",\"datePublished\":\"2023-11-27T10:12:16+00:00\",\"dateModified\":\"2026-01-18T11:04:26+00:00\",\"description\":\"Erlebe professionelle Rotlichttherapie f\u00fcr zu Hause mit dem Lumavit Home Pro \u2013 ausgestattet mit moderner Multi-Wellenl\u00e4ngen-Technologie.\",\"breadcrumb\":{\"@id\":\"https:\\\/\\\/www.lumavit.com\\\/de\\\/produkt\\\/lumavit-home-pro\\\/#breadcrumb\"},\"inLanguage\":\"de\",\"potentialAction\":[{\"@type\":\"ReadAction\",\"target\":[\"https:\\\/\\\/www.lumavit.com\\\/de\\\/produkt\\\/lumavit-home-pro\\\/\"]}]},{\"@type\":\"ImageObject\",\"inLanguage\":\"de\",\"@id\":\"https:\\\/\\\/www.lumavit.com\\\/de\\\/produkt\\\/lumavit-home-pro\\\/#primaryimage\",\"url\":\"https:\\\/\\\/www.lumavit.com\\\/wp-content\\\/uploads\\\/2025\\\/03\\\/Home-Pro.webp\",\"contentUrl\":\"https:\\\/\\\/www.lumavit.com\\\/wp-content\\\/uploads\\\/2025\\\/03\\\/Home-Pro.webp\",\"width\":1200,\"height\":1200},{\"@type\":\"BreadcrumbList\",\"@id\":\"https:\\\/\\\/www.lumavit.com\\\/de\\\/produkt\\\/lumavit-home-pro\\\/#breadcrumb\",\"itemListElement\":[{\"@type\":\"ListItem\",\"position\":1,\"name\":\"Startseite\",\"item\":\"https:\\\/\\\/www.lumavit.com\\\/de\\\/red-and-nir-light-therapy\\\/\"},{\"@type\":\"ListItem\",\"position\":2,\"name\":\"Produkte\",\"item\":\"https:\\\/\\\/www.lumavit.com\\\/de\\\/shop\\\/\"},{\"@type\":\"ListItem\",\"position\":3,\"name\":\"Home Pro\"}]},{\"@type\":\"WebSite\",\"@id\":\"https:\\\/\\\/www.lumavit.com\\\/de\\\/#website\",\"url\":\"https:\\\/\\\/www.lumavit.com\\\/de\\\/\",\"name\":\"LUMAVIT\",\"description\":\"Red Light Therapy Experts\",\"publisher\":{\"@id\":\"https:\\\/\\\/www.lumavit.com\\\/de\\\/#organization\"},\"potentialAction\":[{\"@type\":\"SearchAction\",\"target\":{\"@type\":\"EntryPoint\",\"urlTemplate\":\"https:\\\/\\\/www.lumavit.com\\\/de\\\/?s={search_term_string}\"},\"query-input\":{\"@type\":\"PropertyValueSpecification\",\"valueRequired\":true,\"valueName\":\"search_term_string\"}}],\"inLanguage\":\"de\"},{\"@type\":\"Organization\",\"@id\":\"https:\\\/\\\/www.lumavit.com\\\/de\\\/#organization\",\"name\":\"LUMAVIT\",\"url\":\"https:\\\/\\\/www.lumavit.com\\\/de\\\/\",\"logo\":{\"@type\":\"ImageObject\",\"inLanguage\":\"de\",\"@id\":\"https:\\\/\\\/www.lumavit.com\\\/de\\\/#\\\/schema\\\/logo\\\/image\\\/\",\"url\":\"https:\\\/\\\/www.lumavit.com\\\/wp-content\\\/uploads\\\/2023\\\/11\\\/cropped-lumavit-logo.png\",\"contentUrl\":\"https:\\\/\\\/www.lumavit.com\\\/wp-content\\\/uploads\\\/2023\\\/11\\\/cropped-lumavit-logo.png\",\"width\":315,\"height\":90,\"caption\":\"LUMAVIT\"},\"image\":{\"@id\":\"https:\\\/\\\/www.lumavit.com\\\/de\\\/#\\\/schema\\\/logo\\\/image\\\/\"},\"sameAs\":[\"https:\\\/\\\/www.linkedin.com\\\/company\\\/lumavit\\\/\"]}]}<\/script>\n<!-- \/ Yoast SEO Premium plugin. -->","yoast_head_json":{"title":"Home Pro - LUMAVIT","description":"Erlebe professionelle Rotlichttherapie f\u00fcr zu Hause mit dem Lumavit Home Pro \u2013 ausgestattet mit moderner Multi-Wellenl\u00e4ngen-Technologie.","robots":{"index":"index","follow":"follow","max-snippet":"max-snippet:-1","max-image-preview":"max-image-preview:large","max-video-preview":"max-video-preview:-1"},"canonical":"https:\/\/www.lumavit.com\/de\/produkt\/lumavit-home-pro\/","og_locale":"de_DE","og_type":"article","og_title":"Home Pro","og_description":"Erlebe professionelle Rotlichttherapie f\u00fcr zu Hause mit dem Lumavit Home Pro \u2013 ausgestattet mit moderner Multi-Wellenl\u00e4ngen-Technologie.","og_url":"https:\/\/www.lumavit.com\/de\/produkt\/lumavit-home-pro\/","og_site_name":"LUMAVIT","article_modified_time":"2026-01-18T11:04:26+00:00","og_image":[{"width":1200,"height":1200,"url":"https:\/\/www.lumavit.com\/wp-content\/uploads\/2025\/03\/Home-Pro.webp","type":"image\/webp"}],"twitter_card":"summary_large_image","schema":{"@context":"https:\/\/schema.org","@graph":[{"@type":"WebPage","@id":"https:\/\/www.lumavit.com\/de\/produkt\/lumavit-home-pro\/","url":"https:\/\/www.lumavit.com\/de\/produkt\/lumavit-home-pro\/","name":"Home Pro - LUMAVIT","isPartOf":{"@id":"https:\/\/www.lumavit.com\/de\/#website"},"primaryImageOfPage":{"@id":"https:\/\/www.lumavit.com\/de\/produkt\/lumavit-home-pro\/#primaryimage"},"image":{"@id":"https:\/\/www.lumavit.com\/de\/produkt\/lumavit-home-pro\/#primaryimage"},"thumbnailUrl":"https:\/\/www.lumavit.com\/wp-content\/uploads\/2025\/03\/Home-Pro.webp","datePublished":"2023-11-27T10:12:16+00:00","dateModified":"2026-01-18T11:04:26+00:00","description":"Erlebe professionelle Rotlichttherapie f\u00fcr zu Hause mit dem Lumavit Home Pro \u2013 ausgestattet mit moderner Multi-Wellenl\u00e4ngen-Technologie.","breadcrumb":{"@id":"https:\/\/www.lumavit.com\/de\/produkt\/lumavit-home-pro\/#breadcrumb"},"inLanguage":"de","potentialAction":[{"@type":"ReadAction","target":["https:\/\/www.lumavit.com\/de\/produkt\/lumavit-home-pro\/"]}]},{"@type":"ImageObject","inLanguage":"de","@id":"https:\/\/www.lumavit.com\/de\/produkt\/lumavit-home-pro\/#primaryimage","url":"https:\/\/www.lumavit.com\/wp-content\/uploads\/2025\/03\/Home-Pro.webp","contentUrl":"https:\/\/www.lumavit.com\/wp-content\/uploads\/2025\/03\/Home-Pro.webp","width":1200,"height":1200},{"@type":"BreadcrumbList","@id":"https:\/\/www.lumavit.com\/de\/produkt\/lumavit-home-pro\/#breadcrumb","itemListElement":[{"@type":"ListItem","position":1,"name":"Startseite","item":"https:\/\/www.lumavit.com\/de\/red-and-nir-light-therapy\/"},{"@type":"ListItem","position":2,"name":"Produkte","item":"https:\/\/www.lumavit.com\/de\/shop\/"},{"@type":"ListItem","position":3,"name":"Home Pro"}]},{"@type":"WebSite","@id":"https:\/\/www.lumavit.com\/de\/#website","url":"https:\/\/www.lumavit.com\/de\/","name":"LUMAVIT","description":"Red Light Therapy Experts","publisher":{"@id":"https:\/\/www.lumavit.com\/de\/#organization"},"potentialAction":[{"@type":"SearchAction","target":{"@type":"EntryPoint","urlTemplate":"https:\/\/www.lumavit.com\/de\/?s={search_term_string}"},"query-input":{"@type":"PropertyValueSpecification","valueRequired":true,"valueName":"search_term_string"}}],"inLanguage":"de"},{"@type":"Organization","@id":"https:\/\/www.lumavit.com\/de\/#organization","name":"LUMAVIT","url":"https:\/\/www.lumavit.com\/de\/","logo":{"@type":"ImageObject","inLanguage":"de","@id":"https:\/\/www.lumavit.com\/de\/#\/schema\/logo\/image\/","url":"https:\/\/www.lumavit.com\/wp-content\/uploads\/2023\/11\/cropped-lumavit-logo.png","contentUrl":"https:\/\/www.lumavit.com\/wp-content\/uploads\/2023\/11\/cropped-lumavit-logo.png","width":315,"height":90,"caption":"LUMAVIT"},"image":{"@id":"https:\/\/www.lumavit.com\/de\/#\/schema\/logo\/image\/"},"sameAs":["https:\/\/www.linkedin.com\/company\/lumavit\/"]}]}},"_links":{"self":[{"href":"https:\/\/www.lumavit.com\/de\/wp-json\/wp\/v2\/product\/7370","targetHints":{"allow":["GET"]}}],"collection":[{"href":"https:\/\/www.lumavit.com\/de\/wp-json\/wp\/v2\/product"}],"about":[{"href":"https:\/\/www.lumavit.com\/de\/wp-json\/wp\/v2\/types\/product"}],"replies":[{"embeddable":true,"href":"https:\/\/www.lumavit.com\/de\/wp-json\/wp\/v2\/comments?post=7370"}],"wp:featuredmedia":[{"embeddable":true,"href":"https:\/\/www.lumavit.com\/de\/wp-json\/wp\/v2\/media\/7176"}],"wp:attachment":[{"href":"https:\/\/www.lumavit.com\/de\/wp-json\/wp\/v2\/media?parent=7370"}],"wp:term":[{"taxonomy":"product_brand","embeddable":true,"href":"https:\/\/www.lumavit.com\/de\/wp-json\/wp\/v2\/product_brand?post=7370"},{"taxonomy":"product_cat","embeddable":true,"href":"https:\/\/www.lumavit.com\/de\/wp-json\/wp\/v2\/product_cat?post=7370"},{"taxonomy":"product_tag","embeddable":true,"href":"https:\/\/www.lumavit.com\/de\/wp-json\/wp\/v2\/product_tag?post=7370"}],"curies":[{"name":"wp","href":"https:\/\/api.w.org\/{rel}","templated":true}]}}