{"id":7371,"date":"2023-11-27T10:10:18","date_gmt":"2023-11-27T10:10:18","guid":{"rendered":"https:\/\/www.lumavit.com\/produkt\/lumavit-home-plus\/"},"modified":"2026-01-18T11:03:45","modified_gmt":"2026-01-18T11:03:45","slug":"lumavit-home-plus","status":"publish","type":"product","link":"https:\/\/www.lumavit.com\/de\/produkt\/lumavit-home-plus\/","title":{"rendered":"Home Plus"},"content":{"rendered":"<p>F\u00fcr optimale Hautgesundheit, Muskelregeneration und Tiefengewebereparatur kombiniert Home Plus hochintensive LEDs mit pr\u00e4zise abgestimmten Wellenl\u00e4ngen f\u00fcr maximale therapeutische Wirkung. Das schlanke, mittelgro\u00dfe Design eignet sich sowohl f\u00fcr gezielte Behandlungen als auch f\u00fcr Anwendungen am halben K\u00f6rper \u2013 und liefert professionelle Ergebnisse bequem bei dir zu Hause. <\/p>\n","protected":false},"excerpt":{"rendered":"<p>F\u00fcr optimale Hautgesundheit, Muskelregeneration und Tiefengewebereparatur kombiniert Home Plus hochintensive LEDs mit pr\u00e4zise abgestimmten Wellenl\u00e4ngen f\u00fcr maximale therapeutische Wirkung. Das schlanke, mittelgro\u00dfe Design eignet sich sowohl f\u00fcr gezielte Behandlungen als auch f\u00fcr Anwendungen am halben K\u00f6rper \u2013 und liefert professionelle Ergebnisse bequem bei dir zu Hause. <\/p>\n<p>\u2714\ufe0f <strong data-start=\"461\" data-end=\"486\">Mehrere Wellenl\u00e4ngen<\/strong> \u2013 Kombiniert verschiedene Rot- und Nahinfrarot-Wellenl\u00e4ngen.<br data-start=\"575\" data-end=\"578\">\u2714\ufe0f <strong data-start=\"581\" data-end=\"603\">Robust &amp; leistungsstark<\/strong> \u2013 Ideal f\u00fcr professionelle Ganzk\u00f6rperbehandlungen.<br data-start=\"663\" data-end=\"666\">\u2714\ufe0f <strong data-start=\"669\" data-end=\"693\">Intuitive Touch-Bedienung<\/strong> \u2013 Passe Intensit\u00e4t und Sitzungsmodi ganz einfach an.<\/p>\n","protected":false},"featured_media":7175,"comment_status":"open","ping_status":"closed","template":"","meta":[],"product_brand":[],"product_cat":[118,120],"product_tag":[],"class_list":{"0":"post-7371","1":"product","2":"type-product","3":"status-publish","4":"has-post-thumbnail","6":"product_cat-home-serie","7":"product_cat-home-plus-de","9":"first","10":"instock","11":"taxable","12":"shipping-taxable","13":"purchasable","14":"product-type-simple"},"yoast_head":"<!-- This site is optimized with the Yoast SEO Premium plugin v26.2 (Yoast SEO v27.5) - https:\/\/yoast.com\/product\/yoast-seo-premium-wordpress\/ -->\n<title>Home Plus - LUMAVIT<\/title>\n<meta name=\"description\" content=\"Bringe dein Wohlbefinden mit dem Lumavit Home Plus auf die n\u00e4chste Stufe. Entwickelt f\u00fcr eine verbesserte Rot- und Nahinfrarotlicht-Therapie.\" \/>\n<meta name=\"robots\" content=\"index, follow, max-snippet:-1, max-image-preview:large, max-video-preview:-1\" \/>\n<link rel=\"canonical\" href=\"https:\/\/www.lumavit.com\/de\/produkt\/lumavit-home-plus\/\" \/>\n<meta property=\"og:locale\" content=\"de_DE\" \/>\n<meta property=\"og:type\" content=\"article\" \/>\n<meta property=\"og:title\" content=\"Home Plus\" \/>\n<meta property=\"og:description\" content=\"Bringe dein Wohlbefinden mit dem Lumavit Home Plus auf die n\u00e4chste Stufe. Entwickelt f\u00fcr eine verbesserte Rot- und Nahinfrarotlicht-Therapie.\" \/>\n<meta property=\"og:url\" content=\"https:\/\/www.lumavit.com\/de\/produkt\/lumavit-home-plus\/\" \/>\n<meta property=\"og:site_name\" content=\"LUMAVIT\" \/>\n<meta property=\"article:modified_time\" content=\"2026-01-18T11:03:45+00:00\" \/>\n<meta property=\"og:image\" content=\"https:\/\/www.lumavit.com\/wp-content\/uploads\/2025\/03\/Home-Plus.webp\" \/>\n\t<meta property=\"og:image:width\" content=\"1200\" \/>\n\t<meta property=\"og:image:height\" content=\"1200\" \/>\n\t<meta property=\"og:image:type\" content=\"image\/webp\" \/>\n<meta name=\"twitter:card\" content=\"summary_large_image\" \/>\n<script type=\"application\/ld+json\" class=\"yoast-schema-graph\">{\"@context\":\"https:\\\/\\\/schema.org\",\"@graph\":[{\"@type\":\"WebPage\",\"@id\":\"https:\\\/\\\/www.lumavit.com\\\/de\\\/produkt\\\/lumavit-home-plus\\\/\",\"url\":\"https:\\\/\\\/www.lumavit.com\\\/de\\\/produkt\\\/lumavit-home-plus\\\/\",\"name\":\"Home Plus - LUMAVIT\",\"isPartOf\":{\"@id\":\"https:\\\/\\\/www.lumavit.com\\\/de\\\/#website\"},\"primaryImageOfPage\":{\"@id\":\"https:\\\/\\\/www.lumavit.com\\\/de\\\/produkt\\\/lumavit-home-plus\\\/#primaryimage\"},\"image\":{\"@id\":\"https:\\\/\\\/www.lumavit.com\\\/de\\\/produkt\\\/lumavit-home-plus\\\/#primaryimage\"},\"thumbnailUrl\":\"https:\\\/\\\/www.lumavit.com\\\/wp-content\\\/uploads\\\/2025\\\/03\\\/Home-Plus.webp\",\"datePublished\":\"2023-11-27T10:10:18+00:00\",\"dateModified\":\"2026-01-18T11:03:45+00:00\",\"description\":\"Bringe dein Wohlbefinden mit dem Lumavit Home Plus auf die n\u00e4chste Stufe. Entwickelt f\u00fcr eine verbesserte Rot- und Nahinfrarotlicht-Therapie.\",\"breadcrumb\":{\"@id\":\"https:\\\/\\\/www.lumavit.com\\\/de\\\/produkt\\\/lumavit-home-plus\\\/#breadcrumb\"},\"inLanguage\":\"de\",\"potentialAction\":[{\"@type\":\"ReadAction\",\"target\":[\"https:\\\/\\\/www.lumavit.com\\\/de\\\/produkt\\\/lumavit-home-plus\\\/\"]}]},{\"@type\":\"ImageObject\",\"inLanguage\":\"de\",\"@id\":\"https:\\\/\\\/www.lumavit.com\\\/de\\\/produkt\\\/lumavit-home-plus\\\/#primaryimage\",\"url\":\"https:\\\/\\\/www.lumavit.com\\\/wp-content\\\/uploads\\\/2025\\\/03\\\/Home-Plus.webp\",\"contentUrl\":\"https:\\\/\\\/www.lumavit.com\\\/wp-content\\\/uploads\\\/2025\\\/03\\\/Home-Plus.webp\",\"width\":1200,\"height\":1200},{\"@type\":\"BreadcrumbList\",\"@id\":\"https:\\\/\\\/www.lumavit.com\\\/de\\\/produkt\\\/lumavit-home-plus\\\/#breadcrumb\",\"itemListElement\":[{\"@type\":\"ListItem\",\"position\":1,\"name\":\"Startseite\",\"item\":\"https:\\\/\\\/www.lumavit.com\\\/de\\\/red-and-nir-light-therapy\\\/\"},{\"@type\":\"ListItem\",\"position\":2,\"name\":\"Produkte\",\"item\":\"https:\\\/\\\/www.lumavit.com\\\/de\\\/shop\\\/\"},{\"@type\":\"ListItem\",\"position\":3,\"name\":\"Home Plus\"}]},{\"@type\":\"WebSite\",\"@id\":\"https:\\\/\\\/www.lumavit.com\\\/de\\\/#website\",\"url\":\"https:\\\/\\\/www.lumavit.com\\\/de\\\/\",\"name\":\"LUMAVIT\",\"description\":\"Red Light Therapy Experts\",\"publisher\":{\"@id\":\"https:\\\/\\\/www.lumavit.com\\\/de\\\/#organization\"},\"potentialAction\":[{\"@type\":\"SearchAction\",\"target\":{\"@type\":\"EntryPoint\",\"urlTemplate\":\"https:\\\/\\\/www.lumavit.com\\\/de\\\/?s={search_term_string}\"},\"query-input\":{\"@type\":\"PropertyValueSpecification\",\"valueRequired\":true,\"valueName\":\"search_term_string\"}}],\"inLanguage\":\"de\"},{\"@type\":\"Organization\",\"@id\":\"https:\\\/\\\/www.lumavit.com\\\/de\\\/#organization\",\"name\":\"LUMAVIT\",\"url\":\"https:\\\/\\\/www.lumavit.com\\\/de\\\/\",\"logo\":{\"@type\":\"ImageObject\",\"inLanguage\":\"de\",\"@id\":\"https:\\\/\\\/www.lumavit.com\\\/de\\\/#\\\/schema\\\/logo\\\/image\\\/\",\"url\":\"https:\\\/\\\/www.lumavit.com\\\/wp-content\\\/uploads\\\/2023\\\/11\\\/cropped-lumavit-logo.png\",\"contentUrl\":\"https:\\\/\\\/www.lumavit.com\\\/wp-content\\\/uploads\\\/2023\\\/11\\\/cropped-lumavit-logo.png\",\"width\":315,\"height\":90,\"caption\":\"LUMAVIT\"},\"image\":{\"@id\":\"https:\\\/\\\/www.lumavit.com\\\/de\\\/#\\\/schema\\\/logo\\\/image\\\/\"},\"sameAs\":[\"https:\\\/\\\/www.linkedin.com\\\/company\\\/lumavit\\\/\"]}]}<\/script>\n<!-- \/ Yoast SEO Premium plugin. -->","yoast_head_json":{"title":"Home Plus - LUMAVIT","description":"Bringe dein Wohlbefinden mit dem Lumavit Home Plus auf die n\u00e4chste Stufe. Entwickelt f\u00fcr eine verbesserte Rot- und Nahinfrarotlicht-Therapie.","robots":{"index":"index","follow":"follow","max-snippet":"max-snippet:-1","max-image-preview":"max-image-preview:large","max-video-preview":"max-video-preview:-1"},"canonical":"https:\/\/www.lumavit.com\/de\/produkt\/lumavit-home-plus\/","og_locale":"de_DE","og_type":"article","og_title":"Home Plus","og_description":"Bringe dein Wohlbefinden mit dem Lumavit Home Plus auf die n\u00e4chste Stufe. Entwickelt f\u00fcr eine verbesserte Rot- und Nahinfrarotlicht-Therapie.","og_url":"https:\/\/www.lumavit.com\/de\/produkt\/lumavit-home-plus\/","og_site_name":"LUMAVIT","article_modified_time":"2026-01-18T11:03:45+00:00","og_image":[{"width":1200,"height":1200,"url":"https:\/\/www.lumavit.com\/wp-content\/uploads\/2025\/03\/Home-Plus.webp","type":"image\/webp"}],"twitter_card":"summary_large_image","schema":{"@context":"https:\/\/schema.org","@graph":[{"@type":"WebPage","@id":"https:\/\/www.lumavit.com\/de\/produkt\/lumavit-home-plus\/","url":"https:\/\/www.lumavit.com\/de\/produkt\/lumavit-home-plus\/","name":"Home Plus - LUMAVIT","isPartOf":{"@id":"https:\/\/www.lumavit.com\/de\/#website"},"primaryImageOfPage":{"@id":"https:\/\/www.lumavit.com\/de\/produkt\/lumavit-home-plus\/#primaryimage"},"image":{"@id":"https:\/\/www.lumavit.com\/de\/produkt\/lumavit-home-plus\/#primaryimage"},"thumbnailUrl":"https:\/\/www.lumavit.com\/wp-content\/uploads\/2025\/03\/Home-Plus.webp","datePublished":"2023-11-27T10:10:18+00:00","dateModified":"2026-01-18T11:03:45+00:00","description":"Bringe dein Wohlbefinden mit dem Lumavit Home Plus auf die n\u00e4chste Stufe. Entwickelt f\u00fcr eine verbesserte Rot- und Nahinfrarotlicht-Therapie.","breadcrumb":{"@id":"https:\/\/www.lumavit.com\/de\/produkt\/lumavit-home-plus\/#breadcrumb"},"inLanguage":"de","potentialAction":[{"@type":"ReadAction","target":["https:\/\/www.lumavit.com\/de\/produkt\/lumavit-home-plus\/"]}]},{"@type":"ImageObject","inLanguage":"de","@id":"https:\/\/www.lumavit.com\/de\/produkt\/lumavit-home-plus\/#primaryimage","url":"https:\/\/www.lumavit.com\/wp-content\/uploads\/2025\/03\/Home-Plus.webp","contentUrl":"https:\/\/www.lumavit.com\/wp-content\/uploads\/2025\/03\/Home-Plus.webp","width":1200,"height":1200},{"@type":"BreadcrumbList","@id":"https:\/\/www.lumavit.com\/de\/produkt\/lumavit-home-plus\/#breadcrumb","itemListElement":[{"@type":"ListItem","position":1,"name":"Startseite","item":"https:\/\/www.lumavit.com\/de\/red-and-nir-light-therapy\/"},{"@type":"ListItem","position":2,"name":"Produkte","item":"https:\/\/www.lumavit.com\/de\/shop\/"},{"@type":"ListItem","position":3,"name":"Home Plus"}]},{"@type":"WebSite","@id":"https:\/\/www.lumavit.com\/de\/#website","url":"https:\/\/www.lumavit.com\/de\/","name":"LUMAVIT","description":"Red Light Therapy Experts","publisher":{"@id":"https:\/\/www.lumavit.com\/de\/#organization"},"potentialAction":[{"@type":"SearchAction","target":{"@type":"EntryPoint","urlTemplate":"https:\/\/www.lumavit.com\/de\/?s={search_term_string}"},"query-input":{"@type":"PropertyValueSpecification","valueRequired":true,"valueName":"search_term_string"}}],"inLanguage":"de"},{"@type":"Organization","@id":"https:\/\/www.lumavit.com\/de\/#organization","name":"LUMAVIT","url":"https:\/\/www.lumavit.com\/de\/","logo":{"@type":"ImageObject","inLanguage":"de","@id":"https:\/\/www.lumavit.com\/de\/#\/schema\/logo\/image\/","url":"https:\/\/www.lumavit.com\/wp-content\/uploads\/2023\/11\/cropped-lumavit-logo.png","contentUrl":"https:\/\/www.lumavit.com\/wp-content\/uploads\/2023\/11\/cropped-lumavit-logo.png","width":315,"height":90,"caption":"LUMAVIT"},"image":{"@id":"https:\/\/www.lumavit.com\/de\/#\/schema\/logo\/image\/"},"sameAs":["https:\/\/www.linkedin.com\/company\/lumavit\/"]}]}},"_links":{"self":[{"href":"https:\/\/www.lumavit.com\/de\/wp-json\/wp\/v2\/product\/7371","targetHints":{"allow":["GET"]}}],"collection":[{"href":"https:\/\/www.lumavit.com\/de\/wp-json\/wp\/v2\/product"}],"about":[{"href":"https:\/\/www.lumavit.com\/de\/wp-json\/wp\/v2\/types\/product"}],"replies":[{"embeddable":true,"href":"https:\/\/www.lumavit.com\/de\/wp-json\/wp\/v2\/comments?post=7371"}],"wp:featuredmedia":[{"embeddable":true,"href":"https:\/\/www.lumavit.com\/de\/wp-json\/wp\/v2\/media\/7175"}],"wp:attachment":[{"href":"https:\/\/www.lumavit.com\/de\/wp-json\/wp\/v2\/media?parent=7371"}],"wp:term":[{"taxonomy":"product_brand","embeddable":true,"href":"https:\/\/www.lumavit.com\/de\/wp-json\/wp\/v2\/product_brand?post=7371"},{"taxonomy":"product_cat","embeddable":true,"href":"https:\/\/www.lumavit.com\/de\/wp-json\/wp\/v2\/product_cat?post=7371"},{"taxonomy":"product_tag","embeddable":true,"href":"https:\/\/www.lumavit.com\/de\/wp-json\/wp\/v2\/product_tag?post=7371"}],"curies":[{"name":"wp","href":"https:\/\/api.w.org\/{rel}","templated":true}]}}