{"id":7372,"date":"2023-10-20T07:56:33","date_gmt":"2023-10-20T07:56:33","guid":{"rendered":"https:\/\/www.lumavit.com\/produkt\/lumavit-home-one\/"},"modified":"2025-12-13T22:47:40","modified_gmt":"2025-12-13T22:47:40","slug":"lumavit-home-one","status":"publish","type":"product","link":"https:\/\/www.lumavit.com\/de\/produkt\/lumavit-home-one\/","title":{"rendered":"Home One"},"content":{"rendered":"<p>Lumavit Home One ist das kleinste Ger\u00e4t aus unserer Produktreihe f\u00fcr die Rotlichttherapie zu Hause. Ideal f\u00fcr alle, die gezielte Beleuchtung bestimmter K\u00f6rperpartien w\u00fcnschen \u2013 besonders f\u00fcr das Gesicht oder kleinere Bereiche. <\/p>\n","protected":false},"excerpt":{"rendered":"<p>Lumavit Home One ist das kleinste Ger\u00e4t aus unserer Produktreihe f\u00fcr die Rotlichttherapie zu Hause. Ideal f\u00fcr alle, die gezielte Beleuchtung bestimmter K\u00f6rperpartien w\u00fcnschen \u2013 besonders f\u00fcr das Gesicht oder kleinere Bereiche. <\/p>\n<p>\u2714\ufe0f <strong data-start=\"461\" data-end=\"486\">Mehrere Wellenl\u00e4ngen<\/strong> \u2013 Kombiniert verschiedene Rot- und Nahinfrarot-Wellenl\u00e4ngen.<br data-start=\"575\" data-end=\"578\">\u2714\ufe0f <strong data-start=\"581\" data-end=\"603\">Robust &amp; leistungsstark <\/strong>\u2013 Ideal f\u00fcr professionelle Ganzk\u00f6rperbehandlungen.<br data-start=\"663\" data-end=\"666\">\u2714\ufe0f <strong data-start=\"669\" data-end=\"693\">Intuitive Touch-Bedienung<\/strong> \u2013 Passe Intensit\u00e4t und Sitzungsmodi ganz einfach an.<\/p>\n","protected":false},"featured_media":7174,"comment_status":"open","ping_status":"closed","template":"","meta":[],"product_brand":[],"product_cat":[118,121],"product_tag":[],"class_list":{"0":"post-7372","1":"product","2":"type-product","3":"status-publish","4":"has-post-thumbnail","6":"product_cat-home-serie","7":"product_cat-home-one-de","9":"first","10":"instock","11":"taxable","12":"shipping-taxable","13":"purchasable","14":"product-type-simple"},"yoast_head":"<!-- This site is optimized with the Yoast SEO Premium plugin v26.2 (Yoast SEO v27.5) - https:\/\/yoast.com\/product\/yoast-seo-premium-wordpress\/ -->\n<title>Home One - LUMAVIT<\/title>\n<meta name=\"description\" content=\"Steigere dein Wohlbefinden mit dem Lumavit Home One \u2013 einem kompakten und leistungsstarken Rotlichttherapie-Ger\u00e4t, das speziell f\u00fcr gezielte Behandlungen entwickelt wurde.\" \/>\n<meta name=\"robots\" content=\"index, follow, max-snippet:-1, max-image-preview:large, max-video-preview:-1\" \/>\n<link rel=\"canonical\" href=\"https:\/\/www.lumavit.com\/de\/produkt\/lumavit-home-one\/\" \/>\n<meta property=\"og:locale\" content=\"de_DE\" \/>\n<meta property=\"og:type\" content=\"article\" \/>\n<meta property=\"og:title\" content=\"Home One\" \/>\n<meta property=\"og:description\" content=\"Steigere dein Wohlbefinden mit dem Lumavit Home One \u2013 einem kompakten und leistungsstarken Rotlichttherapie-Ger\u00e4t, das speziell f\u00fcr gezielte Behandlungen entwickelt wurde.\" \/>\n<meta property=\"og:url\" content=\"https:\/\/www.lumavit.com\/de\/produkt\/lumavit-home-one\/\" \/>\n<meta property=\"og:site_name\" content=\"LUMAVIT\" \/>\n<meta property=\"article:modified_time\" content=\"2025-12-13T22:47:40+00:00\" \/>\n<meta property=\"og:image\" content=\"https:\/\/www.lumavit.com\/wp-content\/uploads\/2025\/03\/Home-One.webp\" \/>\n\t<meta property=\"og:image:width\" content=\"1200\" \/>\n\t<meta property=\"og:image:height\" content=\"1200\" \/>\n\t<meta property=\"og:image:type\" content=\"image\/webp\" \/>\n<meta name=\"twitter:card\" content=\"summary_large_image\" \/>\n<script type=\"application\/ld+json\" class=\"yoast-schema-graph\">{\"@context\":\"https:\\\/\\\/schema.org\",\"@graph\":[{\"@type\":\"WebPage\",\"@id\":\"https:\\\/\\\/www.lumavit.com\\\/de\\\/produkt\\\/lumavit-home-one\\\/\",\"url\":\"https:\\\/\\\/www.lumavit.com\\\/de\\\/produkt\\\/lumavit-home-one\\\/\",\"name\":\"Home One - LUMAVIT\",\"isPartOf\":{\"@id\":\"https:\\\/\\\/www.lumavit.com\\\/de\\\/#website\"},\"primaryImageOfPage\":{\"@id\":\"https:\\\/\\\/www.lumavit.com\\\/de\\\/produkt\\\/lumavit-home-one\\\/#primaryimage\"},\"image\":{\"@id\":\"https:\\\/\\\/www.lumavit.com\\\/de\\\/produkt\\\/lumavit-home-one\\\/#primaryimage\"},\"thumbnailUrl\":\"https:\\\/\\\/www.lumavit.com\\\/wp-content\\\/uploads\\\/2025\\\/03\\\/Home-One.webp\",\"datePublished\":\"2023-10-20T07:56:33+00:00\",\"dateModified\":\"2025-12-13T22:47:40+00:00\",\"description\":\"Steigere dein Wohlbefinden mit dem Lumavit Home One \u2013 einem kompakten und leistungsstarken Rotlichttherapie-Ger\u00e4t, das speziell f\u00fcr gezielte Behandlungen entwickelt wurde.\",\"breadcrumb\":{\"@id\":\"https:\\\/\\\/www.lumavit.com\\\/de\\\/produkt\\\/lumavit-home-one\\\/#breadcrumb\"},\"inLanguage\":\"de\",\"potentialAction\":[{\"@type\":\"ReadAction\",\"target\":[\"https:\\\/\\\/www.lumavit.com\\\/de\\\/produkt\\\/lumavit-home-one\\\/\"]}]},{\"@type\":\"ImageObject\",\"inLanguage\":\"de\",\"@id\":\"https:\\\/\\\/www.lumavit.com\\\/de\\\/produkt\\\/lumavit-home-one\\\/#primaryimage\",\"url\":\"https:\\\/\\\/www.lumavit.com\\\/wp-content\\\/uploads\\\/2025\\\/03\\\/Home-One.webp\",\"contentUrl\":\"https:\\\/\\\/www.lumavit.com\\\/wp-content\\\/uploads\\\/2025\\\/03\\\/Home-One.webp\",\"width\":1200,\"height\":1200},{\"@type\":\"BreadcrumbList\",\"@id\":\"https:\\\/\\\/www.lumavit.com\\\/de\\\/produkt\\\/lumavit-home-one\\\/#breadcrumb\",\"itemListElement\":[{\"@type\":\"ListItem\",\"position\":1,\"name\":\"Startseite\",\"item\":\"https:\\\/\\\/www.lumavit.com\\\/de\\\/red-and-nir-light-therapy\\\/\"},{\"@type\":\"ListItem\",\"position\":2,\"name\":\"Produkte\",\"item\":\"https:\\\/\\\/www.lumavit.com\\\/de\\\/shop\\\/\"},{\"@type\":\"ListItem\",\"position\":3,\"name\":\"Home One\"}]},{\"@type\":\"WebSite\",\"@id\":\"https:\\\/\\\/www.lumavit.com\\\/de\\\/#website\",\"url\":\"https:\\\/\\\/www.lumavit.com\\\/de\\\/\",\"name\":\"LUMAVIT\",\"description\":\"Red Light Therapy Experts\",\"publisher\":{\"@id\":\"https:\\\/\\\/www.lumavit.com\\\/de\\\/#organization\"},\"potentialAction\":[{\"@type\":\"SearchAction\",\"target\":{\"@type\":\"EntryPoint\",\"urlTemplate\":\"https:\\\/\\\/www.lumavit.com\\\/de\\\/?s={search_term_string}\"},\"query-input\":{\"@type\":\"PropertyValueSpecification\",\"valueRequired\":true,\"valueName\":\"search_term_string\"}}],\"inLanguage\":\"de\"},{\"@type\":\"Organization\",\"@id\":\"https:\\\/\\\/www.lumavit.com\\\/de\\\/#organization\",\"name\":\"LUMAVIT\",\"url\":\"https:\\\/\\\/www.lumavit.com\\\/de\\\/\",\"logo\":{\"@type\":\"ImageObject\",\"inLanguage\":\"de\",\"@id\":\"https:\\\/\\\/www.lumavit.com\\\/de\\\/#\\\/schema\\\/logo\\\/image\\\/\",\"url\":\"https:\\\/\\\/www.lumavit.com\\\/wp-content\\\/uploads\\\/2023\\\/11\\\/cropped-lumavit-logo.png\",\"contentUrl\":\"https:\\\/\\\/www.lumavit.com\\\/wp-content\\\/uploads\\\/2023\\\/11\\\/cropped-lumavit-logo.png\",\"width\":315,\"height\":90,\"caption\":\"LUMAVIT\"},\"image\":{\"@id\":\"https:\\\/\\\/www.lumavit.com\\\/de\\\/#\\\/schema\\\/logo\\\/image\\\/\"},\"sameAs\":[\"https:\\\/\\\/www.linkedin.com\\\/company\\\/lumavit\\\/\"]}]}<\/script>\n<!-- \/ Yoast SEO Premium plugin. -->","yoast_head_json":{"title":"Home One - LUMAVIT","description":"Steigere dein Wohlbefinden mit dem Lumavit Home One \u2013 einem kompakten und leistungsstarken Rotlichttherapie-Ger\u00e4t, das speziell f\u00fcr gezielte Behandlungen entwickelt wurde.","robots":{"index":"index","follow":"follow","max-snippet":"max-snippet:-1","max-image-preview":"max-image-preview:large","max-video-preview":"max-video-preview:-1"},"canonical":"https:\/\/www.lumavit.com\/de\/produkt\/lumavit-home-one\/","og_locale":"de_DE","og_type":"article","og_title":"Home One","og_description":"Steigere dein Wohlbefinden mit dem Lumavit Home One \u2013 einem kompakten und leistungsstarken Rotlichttherapie-Ger\u00e4t, das speziell f\u00fcr gezielte Behandlungen entwickelt wurde.","og_url":"https:\/\/www.lumavit.com\/de\/produkt\/lumavit-home-one\/","og_site_name":"LUMAVIT","article_modified_time":"2025-12-13T22:47:40+00:00","og_image":[{"width":1200,"height":1200,"url":"https:\/\/www.lumavit.com\/wp-content\/uploads\/2025\/03\/Home-One.webp","type":"image\/webp"}],"twitter_card":"summary_large_image","schema":{"@context":"https:\/\/schema.org","@graph":[{"@type":"WebPage","@id":"https:\/\/www.lumavit.com\/de\/produkt\/lumavit-home-one\/","url":"https:\/\/www.lumavit.com\/de\/produkt\/lumavit-home-one\/","name":"Home One - LUMAVIT","isPartOf":{"@id":"https:\/\/www.lumavit.com\/de\/#website"},"primaryImageOfPage":{"@id":"https:\/\/www.lumavit.com\/de\/produkt\/lumavit-home-one\/#primaryimage"},"image":{"@id":"https:\/\/www.lumavit.com\/de\/produkt\/lumavit-home-one\/#primaryimage"},"thumbnailUrl":"https:\/\/www.lumavit.com\/wp-content\/uploads\/2025\/03\/Home-One.webp","datePublished":"2023-10-20T07:56:33+00:00","dateModified":"2025-12-13T22:47:40+00:00","description":"Steigere dein Wohlbefinden mit dem Lumavit Home One \u2013 einem kompakten und leistungsstarken Rotlichttherapie-Ger\u00e4t, das speziell f\u00fcr gezielte Behandlungen entwickelt wurde.","breadcrumb":{"@id":"https:\/\/www.lumavit.com\/de\/produkt\/lumavit-home-one\/#breadcrumb"},"inLanguage":"de","potentialAction":[{"@type":"ReadAction","target":["https:\/\/www.lumavit.com\/de\/produkt\/lumavit-home-one\/"]}]},{"@type":"ImageObject","inLanguage":"de","@id":"https:\/\/www.lumavit.com\/de\/produkt\/lumavit-home-one\/#primaryimage","url":"https:\/\/www.lumavit.com\/wp-content\/uploads\/2025\/03\/Home-One.webp","contentUrl":"https:\/\/www.lumavit.com\/wp-content\/uploads\/2025\/03\/Home-One.webp","width":1200,"height":1200},{"@type":"BreadcrumbList","@id":"https:\/\/www.lumavit.com\/de\/produkt\/lumavit-home-one\/#breadcrumb","itemListElement":[{"@type":"ListItem","position":1,"name":"Startseite","item":"https:\/\/www.lumavit.com\/de\/red-and-nir-light-therapy\/"},{"@type":"ListItem","position":2,"name":"Produkte","item":"https:\/\/www.lumavit.com\/de\/shop\/"},{"@type":"ListItem","position":3,"name":"Home One"}]},{"@type":"WebSite","@id":"https:\/\/www.lumavit.com\/de\/#website","url":"https:\/\/www.lumavit.com\/de\/","name":"LUMAVIT","description":"Red Light Therapy Experts","publisher":{"@id":"https:\/\/www.lumavit.com\/de\/#organization"},"potentialAction":[{"@type":"SearchAction","target":{"@type":"EntryPoint","urlTemplate":"https:\/\/www.lumavit.com\/de\/?s={search_term_string}"},"query-input":{"@type":"PropertyValueSpecification","valueRequired":true,"valueName":"search_term_string"}}],"inLanguage":"de"},{"@type":"Organization","@id":"https:\/\/www.lumavit.com\/de\/#organization","name":"LUMAVIT","url":"https:\/\/www.lumavit.com\/de\/","logo":{"@type":"ImageObject","inLanguage":"de","@id":"https:\/\/www.lumavit.com\/de\/#\/schema\/logo\/image\/","url":"https:\/\/www.lumavit.com\/wp-content\/uploads\/2023\/11\/cropped-lumavit-logo.png","contentUrl":"https:\/\/www.lumavit.com\/wp-content\/uploads\/2023\/11\/cropped-lumavit-logo.png","width":315,"height":90,"caption":"LUMAVIT"},"image":{"@id":"https:\/\/www.lumavit.com\/de\/#\/schema\/logo\/image\/"},"sameAs":["https:\/\/www.linkedin.com\/company\/lumavit\/"]}]}},"_links":{"self":[{"href":"https:\/\/www.lumavit.com\/de\/wp-json\/wp\/v2\/product\/7372","targetHints":{"allow":["GET"]}}],"collection":[{"href":"https:\/\/www.lumavit.com\/de\/wp-json\/wp\/v2\/product"}],"about":[{"href":"https:\/\/www.lumavit.com\/de\/wp-json\/wp\/v2\/types\/product"}],"replies":[{"embeddable":true,"href":"https:\/\/www.lumavit.com\/de\/wp-json\/wp\/v2\/comments?post=7372"}],"wp:featuredmedia":[{"embeddable":true,"href":"https:\/\/www.lumavit.com\/de\/wp-json\/wp\/v2\/media\/7174"}],"wp:attachment":[{"href":"https:\/\/www.lumavit.com\/de\/wp-json\/wp\/v2\/media?parent=7372"}],"wp:term":[{"taxonomy":"product_brand","embeddable":true,"href":"https:\/\/www.lumavit.com\/de\/wp-json\/wp\/v2\/product_brand?post=7372"},{"taxonomy":"product_cat","embeddable":true,"href":"https:\/\/www.lumavit.com\/de\/wp-json\/wp\/v2\/product_cat?post=7372"},{"taxonomy":"product_tag","embeddable":true,"href":"https:\/\/www.lumavit.com\/de\/wp-json\/wp\/v2\/product_tag?post=7372"}],"curies":[{"name":"wp","href":"https:\/\/api.w.org\/{rel}","templated":true}]}}